{"id":644,"date":"2025-02-09T11:17:51","date_gmt":"2025-02-09T10:17:51","guid":{"rendered":"https:\/\/www.proroofsrl.com\/?page_id=644"},"modified":"2025-07-20T19:47:33","modified_gmt":"2025-07-20T17:47:33","slug":"conception","status":"publish","type":"page","link":"https:\/\/www.proroofsrl.com\/fr\/progettazione\/","title":{"rendered":"Conception"},"content":{"rendered":"<div data-elementor-type=\"wp-page\" data-elementor-id=\"644\" class=\"elementor elementor-644\" data-elementor-post-type=\"page\">\n\t\t\t\t<div class=\"elementor-element elementor-element-undefined-946b46b e-flex e-con-boxed e-con e-parent\" data-id=\"undefined-946b46b\" data-element_type=\"container\" data-e-type=\"container\" data-settings=\"{&quot;shape_divider_top&quot;:&quot;opacity-tilt&quot;}\">\n\t\t\t\t\t<div class=\"e-con-inner\">\n\t\t\t\t<div class=\"elementor-shape elementor-shape-top\" aria-hidden=\"true\" data-negative=\"false\">\n\t\t\t<svg xmlns=\"http:\/\/www.w3.org\/2000\/svg\" viewbox=\"0 0 2600 131.1\" preserveaspectratio=\"none\">\n\t<path class=\"elementor-shape-fill\" d=\"M0 0L2600 0 2600 69.1 0 0z\"\/>\n\t<path class=\"elementor-shape-fill\" style=\"opacity:0.5\" d=\"M0 0L2600 0 2600 69.1 0 69.1z\"\/>\n\t<path class=\"elementor-shape-fill\" style=\"opacity:0.25\" d=\"M2600 0L0 0 0 130.1 2600 69.1z\"\/>\n<\/svg>\t\t<\/div>\n\t\t<div class=\"elementor-element elementor-element-undefined-2ab98cf e-con-full e-flex e-con e-child\" data-id=\"undefined-2ab98cf\" data-element_type=\"container\" data-e-type=\"container\">\n\t\t\t\t<div class=\"elementor-element elementor-element-undefined-7347973 elementor-widget elementor-widget-heading\" data-id=\"undefined-7347973\" data-element_type=\"widget\" data-e-type=\"widget\" data-widget_type=\"heading.default\">\n\t\t\t\t<div class=\"elementor-widget-container\">\n\t\t\t\t\t<h2 class=\"elementor-heading-title elementor-size-default\">Conception<\/h2>\t\t\t\t<\/div>\n\t\t\t\t<\/div>\n\t\t\t\t<div class=\"elementor-element elementor-element-8de1950 elementor--h-position-center elementor--v-position-middle elementor-arrows-position-inside elementor-pagination-position-inside elementor-widget elementor-widget-slides\" data-id=\"8de1950\" data-element_type=\"widget\" data-e-type=\"widget\" data-settings=\"{&quot;navigation&quot;:&quot;both&quot;,&quot;autoplay&quot;:&quot;yes&quot;,&quot;pause_on_hover&quot;:&quot;yes&quot;,&quot;pause_on_interaction&quot;:&quot;yes&quot;,&quot;autoplay_speed&quot;:5000,&quot;infinite&quot;:&quot;yes&quot;,&quot;transition&quot;:&quot;slide&quot;,&quot;transition_speed&quot;:500}\" data-widget_type=\"slides.default\">\n\t\t\t\t<div class=\"elementor-widget-container\">\n\t\t\t\t\t\t\t\t\t<div class=\"elementor-swiper\">\n\t\t\t\t\t<div class=\"elementor-slides-wrapper elementor-main-swiper swiper\" role=\"region\" aria-roledescription=\"carousel\" aria-label=\"Diapositives\" dir=\"ltr\" data-animation=\"fadeInUp\">\n\t\t\t\t<div class=\"swiper-wrapper elementor-slides\">\n\t\t\t\t\t\t\t\t\t\t<div class=\"elementor-repeater-item-9ceea52 swiper-slide\" role=\"group\" aria-roledescription=\"slide\"><div class=\"swiper-slide-bg elementor-ken-burns elementor-ken-burns--in\" role=\"img\" aria-label=\"crop-architect-opening-the-project\"><\/div><div class=\"swiper-slide-inner\" ><div class=\"swiper-slide-contents\"><\/div><\/div><\/div>\t\t\t\t<\/div>\n\t\t\t\t\t\t\t<\/div>\n\t\t\t\t<\/div>\n\t\t\t\t\t\t\t\t<\/div>\n\t\t\t\t<\/div>\n\t\t\t\t<\/div>\n\t\t<div class=\"elementor-element elementor-element-0091b69 e-con-full e-flex e-con e-child\" data-id=\"0091b69\" data-element_type=\"container\" data-e-type=\"container\">\n\t\t\t\t<div class=\"elementor-element elementor-element-9da6010 elementor-widget elementor-widget-text-editor\" data-id=\"9da6010\" data-element_type=\"widget\" data-e-type=\"widget\" data-widget_type=\"text-editor.default\">\n\t\t\t\t<div class=\"elementor-widget-container\">\n\t\t\t\t\t\t\t\t\t<p>Exp\u00e9rience, expertise et fiabilit\u00e9 au service du patrimoine<\/p><p><strong>A propos de nous<\/strong><\/p><p>Fond\u00e9e par un professionnel ayant plus de quarante ans d'exp\u00e9rience dans le domaine de l'\u00e9tanch\u00e9it\u00e9, Proroof repr\u00e9sente aujourd'hui une r\u00e9f\u00e9rence pour la conception et le contr\u00f4le des syst\u00e8mes d'\u00e9tanch\u00e9it\u00e9, dans tous les contextes techniques et de construction.<\/p><p><strong>Ce que nous faisons<\/strong><\/p><p>Services offerts :<\/p><ul><li>Conception de syst\u00e8mes d'\u00e9tanch\u00e9it\u00e9 personnalis\u00e9s<\/li><li>S\u00e9lection des mat\u00e9riaux en fonction des conditions d'utilisation et des conditions climatiques<\/li><li>Assistance technique sur place<\/li><li>Contr\u00f4les pendant l'ex\u00e9cution<\/li><li>Essais techniques et fonctionnels des syst\u00e8mes install\u00e9s<\/li><\/ul><p>\u00a0<\/p><p><strong>Notre m\u00e9thode<\/strong><\/p><p>Une approche int\u00e9gr\u00e9e : conception, contr\u00f4le et test. Les principales \u00e9tapes de notre service sont les suivantes :<\/p><ol><li>Conception technique<\/li><li>Contr\u00f4le pendant la ponte<\/li><li>V\u00e9rification et essais finaux<\/li><\/ol><p>\u00a0<\/p><p><strong>Pourquoi choisir Proroof<\/strong><\/p><ul><li>Des solutions sur mesure pour chaque type de couverture<\/li><li>R\u00e9duire les risques d'infiltration et de litige<\/li><li>Assistance technique continue<\/li><li>Certifications et conformit\u00e9 r\u00e9glementaire<\/li><li>Collaboration avec les entreprises, \u00e9tudes techniques et gestion de projets<\/li><\/ul><p>\u00a0<\/p><p><strong>Types de syst\u00e8mes d'\u00e9tanch\u00e9it\u00e9 install\u00e9s<\/strong><\/p><ul><li>Membranes synth\u00e9tiques PVC-P \/ TPO \/ FPO<\/li><li>Bitume \u00e0 chaud et \u00e0 froid<\/li><li>Syst\u00e8mes \u00e0 base de liquides (r\u00e9sines, polyur\u00e9es)<\/li><li>Toits verts, lest\u00e9s et praticables<\/li><li>Imperm\u00e9abilisation des fondations, des r\u00e9servoirs et des ponts<\/li><\/ul>\t\t\t\t\t\t\t\t<\/div>\n\t\t\t\t<\/div>\n\t\t\t\t<\/div>\n\t\t\t\t\t<\/div>\n\t\t\t\t<\/div>\n\t\t\t\t<\/div>","protected":false},"excerpt":{"rendered":"<p>Progettazione Esperienza, competenza e affidabilit\u00e0 al servizio della tenuta Chi siamo Fondata da un professionista con oltre quarant\u2019anni di esperienza nel campo dell\u2019impermeabilizzazione, Proroof rappresenta oggi un punto di riferimento per la progettazione e il controllo dei sistemi impermeabili, in ogni contesto tecnico e costruttivo. Cosa facciamo Servizi offerti: Progettazione di sistemi impermeabili su misura [&hellip;]<\/p>\n","protected":false},"author":1,"featured_media":0,"parent":0,"menu_order":0,"comment_status":"closed","ping_status":"closed","template":"","meta":{"footnotes":""},"class_list":["post-644","page","type-page","status-publish","hentry"],"_links":{"self":[{"href":"https:\/\/www.proroofsrl.com\/fr\/wp-json\/wp\/v2\/pages\/644","targetHints":{"allow":["GET"]}}],"collection":[{"href":"https:\/\/www.proroofsrl.com\/fr\/wp-json\/wp\/v2\/pages"}],"about":[{"href":"https:\/\/www.proroofsrl.com\/fr\/wp-json\/wp\/v2\/types\/page"}],"author":[{"embeddable":true,"href":"https:\/\/www.proroofsrl.com\/fr\/wp-json\/wp\/v2\/users\/1"}],"replies":[{"embeddable":true,"href":"https:\/\/www.proroofsrl.com\/fr\/wp-json\/wp\/v2\/comments?post=644"}],"version-history":[{"count":13,"href":"https:\/\/www.proroofsrl.com\/fr\/wp-json\/wp\/v2\/pages\/644\/revisions"}],"predecessor-version":[{"id":787,"href":"https:\/\/www.proroofsrl.com\/fr\/wp-json\/wp\/v2\/pages\/644\/revisions\/787"}],"wp:attachment":[{"href":"https:\/\/www.proroofsrl.com\/fr\/wp-json\/wp\/v2\/media?parent=644"}],"curies":[{"name":"wp","href":"https:\/\/api.w.org\/{rel}","templated":true}]}}