{"id":627,"date":"2025-02-09T11:11:39","date_gmt":"2025-02-09T10:11:39","guid":{"rendered":"https:\/\/www.proroofsrl.com\/?page_id=627"},"modified":"2025-07-20T15:22:34","modified_gmt":"2025-07-20T13:22:34","slug":"inspections-video","status":"publish","type":"page","link":"https:\/\/www.proroofsrl.com\/fr\/video-ispezioni\/","title":{"rendered":"INSPECTIONS VID\u00c9O"},"content":{"rendered":"<div data-elementor-type=\"wp-page\" data-elementor-id=\"627\" class=\"elementor elementor-627\" data-elementor-post-type=\"page\">\n\t\t\t\t<div class=\"elementor-element elementor-element-undefined-946b46b e-flex e-con-boxed e-con e-parent\" data-id=\"undefined-946b46b\" data-element_type=\"container\" data-e-type=\"container\" data-settings=\"{&quot;shape_divider_top&quot;:&quot;opacity-tilt&quot;}\">\n\t\t\t\t\t<div class=\"e-con-inner\">\n\t\t\t\t<div class=\"elementor-shape elementor-shape-top\" aria-hidden=\"true\" data-negative=\"false\">\n\t\t\t<svg xmlns=\"http:\/\/www.w3.org\/2000\/svg\" viewbox=\"0 0 2600 131.1\" preserveaspectratio=\"none\">\n\t<path class=\"elementor-shape-fill\" d=\"M0 0L2600 0 2600 69.1 0 0z\"\/>\n\t<path class=\"elementor-shape-fill\" style=\"opacity:0.5\" d=\"M0 0L2600 0 2600 69.1 0 69.1z\"\/>\n\t<path class=\"elementor-shape-fill\" style=\"opacity:0.25\" d=\"M2600 0L0 0 0 130.1 2600 69.1z\"\/>\n<\/svg>\t\t<\/div>\n\t\t<div class=\"elementor-element elementor-element-undefined-2ab98cf e-con-full e-flex e-con e-child\" data-id=\"undefined-2ab98cf\" data-element_type=\"container\" data-e-type=\"container\">\n\t\t\t\t<div class=\"elementor-element elementor-element-undefined-7347973 elementor-widget elementor-widget-heading\" data-id=\"undefined-7347973\" data-element_type=\"widget\" data-e-type=\"widget\" data-widget_type=\"heading.default\">\n\t\t\t\t<div class=\"elementor-widget-container\">\n\t\t\t\t\t<h2 class=\"elementor-heading-title elementor-size-default\">INSPECTIONS VID\u00c9O<\/h2>\t\t\t\t<\/div>\n\t\t\t\t<\/div>\n\t\t\t\t<\/div>\n\t\t<div class=\"elementor-element elementor-element-0091b69 e-con-full e-flex e-con e-child\" data-id=\"0091b69\" data-element_type=\"container\" data-e-type=\"container\">\n\t\t<div class=\"elementor-element elementor-element-471af87 e-grid e-con-full e-con e-child\" data-id=\"471af87\" data-element_type=\"container\" data-e-type=\"container\">\n\t\t\t\t<div class=\"elementor-element elementor-element-44c0525 elementor-widget elementor-widget-image\" data-id=\"44c0525\" data-element_type=\"widget\" data-e-type=\"widget\" data-widget_type=\"image.default\">\n\t\t\t\t<div class=\"elementor-widget-container\">\n\t\t\t\t\t\t\t\t\t\t\t\t\t\t\t<img fetchpriority=\"high\" decoding=\"async\" width=\"800\" height=\"600\" src=\"https:\/\/www.proroofsrl.com\/wp-content\/uploads\/2025\/07\/DSC03411-2-1024x768.webp\" class=\"attachment-large size-large wp-image-737\" alt=\"\" srcset=\"https:\/\/www.proroofsrl.com\/wp-content\/uploads\/2025\/07\/DSC03411-2-1024x768.webp 1024w, https:\/\/www.proroofsrl.com\/wp-content\/uploads\/2025\/07\/DSC03411-2-300x225.webp 300w, https:\/\/www.proroofsrl.com\/wp-content\/uploads\/2025\/07\/DSC03411-2-768x576.webp 768w, https:\/\/www.proroofsrl.com\/wp-content\/uploads\/2025\/07\/DSC03411-2-1536x1152.webp 1536w, https:\/\/www.proroofsrl.com\/wp-content\/uploads\/2025\/07\/DSC03411-2-scaled.webp 1920w, https:\/\/www.proroofsrl.com\/wp-content\/uploads\/2025\/07\/DSC03411-2-16x12.webp 16w\" sizes=\"(max-width: 800px) 100vw, 800px\" \/>\t\t\t\t\t\t\t\t\t\t\t\t\t\t\t<\/div>\n\t\t\t\t<\/div>\n\t\t\t\t<div class=\"elementor-element elementor-element-57ae6ce elementor-widget elementor-widget-image\" data-id=\"57ae6ce\" data-element_type=\"widget\" data-e-type=\"widget\" data-widget_type=\"image.default\">\n\t\t\t\t<div class=\"elementor-widget-container\">\n\t\t\t\t\t\t\t\t\t\t\t\t\t\t\t<img decoding=\"async\" width=\"800\" height=\"600\" src=\"https:\/\/www.proroofsrl.com\/wp-content\/uploads\/2025\/07\/DCIM0082-1024x768.webp\" class=\"attachment-large size-large wp-image-736\" alt=\"\" srcset=\"https:\/\/www.proroofsrl.com\/wp-content\/uploads\/2025\/07\/DCIM0082-1024x768.webp 1024w, https:\/\/www.proroofsrl.com\/wp-content\/uploads\/2025\/07\/DCIM0082-300x225.webp 300w, https:\/\/www.proroofsrl.com\/wp-content\/uploads\/2025\/07\/DCIM0082-768x576.webp 768w, https:\/\/www.proroofsrl.com\/wp-content\/uploads\/2025\/07\/DCIM0082-1536x1152.webp 1536w, https:\/\/www.proroofsrl.com\/wp-content\/uploads\/2025\/07\/DCIM0082-16x12.webp 16w, https:\/\/www.proroofsrl.com\/wp-content\/uploads\/2025\/07\/DCIM0082.webp 1920w\" sizes=\"(max-width: 800px) 100vw, 800px\" \/>\t\t\t\t\t\t\t\t\t\t\t\t\t\t\t<\/div>\n\t\t\t\t<\/div>\n\t\t\t\t<\/div>\n\t\t\t\t<div class=\"elementor-element elementor-element-9da6010 elementor-widget elementor-widget-text-editor\" data-id=\"9da6010\" data-element_type=\"widget\" data-e-type=\"widget\" data-widget_type=\"text-editor.default\">\n\t\t\t\t<div class=\"elementor-widget-container\">\n\t\t\t\t\t\t\t\t\t<p>Gr\u00e2ce \u00e0 l'utilisation de syst\u00e8mes sp\u00e9ciaux d'inspection vid\u00e9o et d'endoscopes, Proroof srl est en mesure d'effectuer des investigations non destructives sur les tuyaux de descente, les tuyaux, les cavit\u00e9s, les sols, etc. afin d'identifier les \u00e9ventuels points critiques.<\/p>\t\t\t\t\t\t\t\t<\/div>\n\t\t\t\t<\/div>\n\t\t\t\t<\/div>\n\t\t\t\t\t<\/div>\n\t\t\t\t<\/div>\n\t\t\t\t<\/div>","protected":false},"excerpt":{"rendered":"<p>VIDEO ISPEZIONI Grazie all\u2019utilizzo di speciali sistemi di video ispezione e endoscopi la Proroof srl \u00e8 in grado di effettuare delle indagini non distruttive su pluviali, tubazioni, intercapedini, solai etc., allo scopo di individuare eventuali punti critici.<\/p>","protected":false},"author":1,"featured_media":0,"parent":0,"menu_order":0,"comment_status":"closed","ping_status":"closed","template":"","meta":{"footnotes":""},"class_list":["post-627","page","type-page","status-publish","hentry"],"_links":{"self":[{"href":"https:\/\/www.proroofsrl.com\/fr\/wp-json\/wp\/v2\/pages\/627","targetHints":{"allow":["GET"]}}],"collection":[{"href":"https:\/\/www.proroofsrl.com\/fr\/wp-json\/wp\/v2\/pages"}],"about":[{"href":"https:\/\/www.proroofsrl.com\/fr\/wp-json\/wp\/v2\/types\/page"}],"author":[{"embeddable":true,"href":"https:\/\/www.proroofsrl.com\/fr\/wp-json\/wp\/v2\/users\/1"}],"replies":[{"embeddable":true,"href":"https:\/\/www.proroofsrl.com\/fr\/wp-json\/wp\/v2\/comments?post=627"}],"version-history":[{"count":7,"href":"https:\/\/www.proroofsrl.com\/fr\/wp-json\/wp\/v2\/pages\/627\/revisions"}],"predecessor-version":[{"id":754,"href":"https:\/\/www.proroofsrl.com\/fr\/wp-json\/wp\/v2\/pages\/627\/revisions\/754"}],"wp:attachment":[{"href":"https:\/\/www.proroofsrl.com\/fr\/wp-json\/wp\/v2\/media?parent=627"}],"curies":[{"name":"wp","href":"https:\/\/api.w.org\/{rel}","templated":true}]}}