{"id":621,"date":"2025-02-09T11:10:35","date_gmt":"2025-02-09T10:10:35","guid":{"rendered":"https:\/\/www.proroofsrl.com\/?page_id=621"},"modified":"2025-07-20T15:14:32","modified_gmt":"2025-07-20T13:14:32","slug":"eld-detection-electronique-des-fuites","status":"publish","type":"page","link":"https:\/\/www.proroofsrl.com\/fr\/eld-electronic-leak-detection\/","title":{"rendered":"ELD (d\u00e9tection \u00e9lectronique des fuites)"},"content":{"rendered":"<div data-elementor-type=\"wp-page\" data-elementor-id=\"621\" class=\"elementor elementor-621\" data-elementor-post-type=\"page\">\n\t\t\t\t<div class=\"elementor-element elementor-element-undefined-946b46b e-flex e-con-boxed e-con e-parent\" data-id=\"undefined-946b46b\" data-element_type=\"container\" data-e-type=\"container\" data-settings=\"{&quot;shape_divider_top&quot;:&quot;opacity-tilt&quot;}\">\n\t\t\t\t\t<div class=\"e-con-inner\">\n\t\t\t\t<div class=\"elementor-shape elementor-shape-top\" aria-hidden=\"true\" data-negative=\"false\">\n\t\t\t<svg xmlns=\"http:\/\/www.w3.org\/2000\/svg\" viewbox=\"0 0 2600 131.1\" preserveaspectratio=\"none\">\n\t<path class=\"elementor-shape-fill\" d=\"M0 0L2600 0 2600 69.1 0 0z\"\/>\n\t<path class=\"elementor-shape-fill\" style=\"opacity:0.5\" d=\"M0 0L2600 0 2600 69.1 0 69.1z\"\/>\n\t<path class=\"elementor-shape-fill\" style=\"opacity:0.25\" d=\"M2600 0L0 0 0 130.1 2600 69.1z\"\/>\n<\/svg>\t\t<\/div>\n\t\t<div class=\"elementor-element elementor-element-undefined-2ab98cf e-con-full e-flex e-con e-child\" data-id=\"undefined-2ab98cf\" data-element_type=\"container\" data-e-type=\"container\">\n\t\t\t\t<div class=\"elementor-element elementor-element-undefined-7347973 elementor-widget elementor-widget-heading\" data-id=\"undefined-7347973\" data-element_type=\"widget\" data-e-type=\"widget\" data-widget_type=\"heading.default\">\n\t\t\t\t<div class=\"elementor-widget-container\">\n\t\t\t\t\t<h2 class=\"elementor-heading-title elementor-size-default\">ELD (d\u00e9tection \u00e9lectronique des fuites)<\/h2>\t\t\t\t<\/div>\n\t\t\t\t<\/div>\n\t\t\t\t<\/div>\n\t\t<div class=\"elementor-element elementor-element-0091b69 e-con-full e-flex e-con e-child\" data-id=\"0091b69\" data-element_type=\"container\" data-e-type=\"container\">\n\t\t<div class=\"elementor-element elementor-element-72364dd e-grid e-con-full e-con e-child\" data-id=\"72364dd\" data-element_type=\"container\" data-e-type=\"container\">\n\t\t\t\t<div class=\"elementor-element elementor-element-b64967d elementor-widget elementor-widget-image\" data-id=\"b64967d\" data-element_type=\"widget\" data-e-type=\"widget\" data-widget_type=\"image.default\">\n\t\t\t\t<div class=\"elementor-widget-container\">\n\t\t\t\t\t\t\t\t\t\t\t\t\t\t\t<img fetchpriority=\"high\" decoding=\"async\" width=\"768\" height=\"1024\" src=\"https:\/\/www.proroofsrl.com\/wp-content\/uploads\/2025\/07\/35B5E244-E52C-4E85-9BD1-C3F0F785A8F7_1_105_c.jpeg\" class=\"attachment-large size-large wp-image-730\" alt=\"\" srcset=\"https:\/\/www.proroofsrl.com\/wp-content\/uploads\/2025\/07\/35B5E244-E52C-4E85-9BD1-C3F0F785A8F7_1_105_c.jpeg 768w, https:\/\/www.proroofsrl.com\/wp-content\/uploads\/2025\/07\/35B5E244-E52C-4E85-9BD1-C3F0F785A8F7_1_105_c-225x300.jpeg 225w, https:\/\/www.proroofsrl.com\/wp-content\/uploads\/2025\/07\/35B5E244-E52C-4E85-9BD1-C3F0F785A8F7_1_105_c-9x12.jpeg 9w\" sizes=\"(max-width: 768px) 100vw, 768px\" \/>\t\t\t\t\t\t\t\t\t\t\t\t\t\t\t<\/div>\n\t\t\t\t<\/div>\n\t\t\t\t<div class=\"elementor-element elementor-element-085de4c elementor-widget elementor-widget-image\" data-id=\"085de4c\" data-element_type=\"widget\" data-e-type=\"widget\" data-widget_type=\"image.default\">\n\t\t\t\t<div class=\"elementor-widget-container\">\n\t\t\t\t\t\t\t\t\t\t\t\t\t\t\t<img decoding=\"async\" width=\"768\" height=\"1024\" src=\"https:\/\/www.proroofsrl.com\/wp-content\/uploads\/2025\/07\/E2EEB530-C87C-486B-8D10-305CF55FA500_1_102_o-768x1024.jpeg\" class=\"attachment-large size-large wp-image-731\" alt=\"\" srcset=\"https:\/\/www.proroofsrl.com\/wp-content\/uploads\/2025\/07\/E2EEB530-C87C-486B-8D10-305CF55FA500_1_102_o-768x1024.jpeg 768w, https:\/\/www.proroofsrl.com\/wp-content\/uploads\/2025\/07\/E2EEB530-C87C-486B-8D10-305CF55FA500_1_102_o-225x300.jpeg 225w, https:\/\/www.proroofsrl.com\/wp-content\/uploads\/2025\/07\/E2EEB530-C87C-486B-8D10-305CF55FA500_1_102_o-1152x1536.jpeg 1152w, https:\/\/www.proroofsrl.com\/wp-content\/uploads\/2025\/07\/E2EEB530-C87C-486B-8D10-305CF55FA500_1_102_o-9x12.jpeg 9w, https:\/\/www.proroofsrl.com\/wp-content\/uploads\/2025\/07\/E2EEB530-C87C-486B-8D10-305CF55FA500_1_102_o.jpeg 1536w\" sizes=\"(max-width: 768px) 100vw, 768px\" \/>\t\t\t\t\t\t\t\t\t\t\t\t\t\t\t<\/div>\n\t\t\t\t<\/div>\n\t\t\t\t<\/div>\n\t\t\t\t<div class=\"elementor-element elementor-element-9da6010 elementor-widget elementor-widget-text-editor\" data-id=\"9da6010\" data-element_type=\"widget\" data-e-type=\"widget\" data-widget_type=\"text-editor.default\">\n\t\t\t\t<div class=\"elementor-widget-container\">\n\t\t\t\t\t\t\t\t\t<p>Ce syst\u00e8me peut \u00eatre distingu\u00e9 entre humide et sec, en fonction des caract\u00e9ristiques de la surface \u00e0 examiner.<br \/><br \/><\/p><p><strong>Secs<\/strong><\/p><p>Dans le cas d'une membrane d'\u00e9tanch\u00e9it\u00e9 s\u00e8che et\/ou semi-s\u00e8che, les essais seront effectu\u00e9s en utilisant la technologie de la haute tension, mieux d\u00e9finie comme la m\u00e9thode s\u00e8che.<\/p><p>Ce syst\u00e8me permet de v\u00e9rifier et de tester les membranes d'\u00e9tanch\u00e9it\u00e9 non conductrices \u00e0 l'aide d'une technologie \u00e0 haute tension en exploitant la structure di\u00e9lectrique du rev\u00eatement.<\/p><p>La perte de capacit\u00e9 di\u00e9lectrique du rev\u00eatement, due \u00e0 son alt\u00e9ration, permet \u00e0 l'ELD de d\u00e9tecter les trous, les dommages et les discontinuit\u00e9s de vulcanisation.<\/p><p>La m\u00e9thode s\u00e8che implique l'utilisation d'instruments de pointe contr\u00f4l\u00e9s par microprocesseur et con\u00e7us pour fournir une tension de sortie continue stabilis\u00e9e qui peut \u00eatre ajust\u00e9e en fonction de l'\u00e9paisseur du rev\u00eatement.<\/p><p>Un c\u00e2ble spiral\u00e9 basse tension relie l'unit\u00e9 de d\u00e9tection \u00e0 la sonde de test.<\/p><p>La tension d'essai viendra :<\/p><ul><li>ou calcul\u00e9e automatiquement par l'instrument en d\u00e9finissant l'\u00e9paisseur du rev\u00eatement en r\u00e9f\u00e9rence aux crit\u00e8res BS EN-50356 pr\u00e9\u00e9tablis (si les fiches techniques du fabricant sont disponibles) ;<\/li><li>o calcul\u00e9 \u00e0 partir d'un \u00e9chantillon de la couverture de toit pr\u00e9sente dans le b\u00e2timent, selon les crit\u00e8res de la norme BS EN 60052:2002.<\/li><\/ul><p>En effet, le test consiste \u00e0 connecter la structure en n\u00e9gatif, au moyen d'un c\u00e2ble de mise \u00e0 la terre reli\u00e9 directement au d\u00e9tecteur, et \u00e0 parcourir toute la surface \u00e0 l'aide d'une sonde qui g\u00e9n\u00e8re une haute tension, \u00e0 la recherche de discontinuit\u00e9s dans les vulcanisations et\/ou de dommages au rev\u00eatement imperm\u00e9able.<\/p><p>La d\u00e9tection d'une anomalie est signal\u00e9e par une alarme sonore suivie de l'allumage d'une LED rouge sur la face avant du d\u00e9tecteur.<\/p><p>S'il y a des discontinuit\u00e9s dans la vulcanisation, des trous ou des coupures dans le manteau, une \u00e9tincelle d'arc sera \u00e9galement g\u00e9n\u00e9r\u00e9e.<\/p><p><i>\u00a0<\/i><\/p><p><strong>Humide<\/strong><\/p><p>Si la membrane d'\u00e9tanch\u00e9it\u00e9 est particuli\u00e8rement humide, elle sera test\u00e9e \u00e0 l'aide de la m\u00e9thode \u201chumide\u201d.<\/p><p>Ce syst\u00e8me, bas\u00e9 sur la technologie basse tension, implique l'utilisation d'un c\u00e2ble conducteur qui formera une boucle \u00e0 l'int\u00e9rieur de laquelle le test sera effectu\u00e9. Ce test implique l'utilisation d'un g\u00e9n\u00e9rateur d'impulsions qui produit un courant basse tension.<\/p><p>Un c\u00e2ble relie le g\u00e9n\u00e9rateur \u00e0 la structure, le courant se propage sur la surface d'essai \u00e0 travers deux sondes g\u00e9n\u00e9rant une impulsion.<\/p><p>S'il y a une anomalie dans le manteau, le dispositif de d\u00e9tection indique \u00e0 l'op\u00e9rateur l'endroit exact o\u00f9 elle se trouve.<\/p>\t\t\t\t\t\t\t\t<\/div>\n\t\t\t\t<\/div>\n\t\t\t\t<\/div>\n\t\t\t\t\t<\/div>\n\t\t\t\t<\/div>\n\t\t\t\t<\/div>","protected":false},"excerpt":{"rendered":"<p>ELD (Electronic Leak Detection) Questo sistema pu\u00f2 essere distinto tra wet e dry, in base alle caratteristiche che presenta la superficie da esaminare. Dry Nel caso di manto impermeabile asciutto e\/o semi umido si proceder\u00e0 ad effettuare il collaudo mediante la tecnologia dell\u2019alta tensione, meglio definita come metodo dry. Questo sistema permette di controllare e [&hellip;]<\/p>\n","protected":false},"author":1,"featured_media":0,"parent":0,"menu_order":0,"comment_status":"closed","ping_status":"closed","template":"","meta":{"footnotes":""},"class_list":["post-621","page","type-page","status-publish","hentry"],"_links":{"self":[{"href":"https:\/\/www.proroofsrl.com\/fr\/wp-json\/wp\/v2\/pages\/621","targetHints":{"allow":["GET"]}}],"collection":[{"href":"https:\/\/www.proroofsrl.com\/fr\/wp-json\/wp\/v2\/pages"}],"about":[{"href":"https:\/\/www.proroofsrl.com\/fr\/wp-json\/wp\/v2\/types\/page"}],"author":[{"embeddable":true,"href":"https:\/\/www.proroofsrl.com\/fr\/wp-json\/wp\/v2\/users\/1"}],"replies":[{"embeddable":true,"href":"https:\/\/www.proroofsrl.com\/fr\/wp-json\/wp\/v2\/comments?post=621"}],"version-history":[{"count":7,"href":"https:\/\/www.proroofsrl.com\/fr\/wp-json\/wp\/v2\/pages\/621\/revisions"}],"predecessor-version":[{"id":743,"href":"https:\/\/www.proroofsrl.com\/fr\/wp-json\/wp\/v2\/pages\/621\/revisions\/743"}],"wp:attachment":[{"href":"https:\/\/www.proroofsrl.com\/fr\/wp-json\/wp\/v2\/media?parent=621"}],"curies":[{"name":"wp","href":"https:\/\/api.w.org\/{rel}","templated":true}]}}