{"id":83,"date":"2024-09-02T18:19:26","date_gmt":"2024-09-02T16:19:26","guid":{"rendered":"https:\/\/www.proroofsrl.com\/?page_id=83"},"modified":"2025-02-09T18:05:35","modified_gmt":"2025-02-09T17:05:35","slug":"parapetos-de-mantenimiento","status":"publish","type":"page","link":"https:\/\/www.proroofsrl.com\/es\/parapetti-di-manutenzione\/","title":{"rendered":"Mantenimiento Parapetos"},"content":{"rendered":"<div data-elementor-type=\"wp-page\" data-elementor-id=\"83\" class=\"elementor elementor-83\" data-elementor-post-type=\"page\">\n\t\t\t\t<div class=\"elementor-element elementor-element-undefined-946b46b e-flex e-con-boxed e-con e-parent\" data-id=\"undefined-946b46b\" data-element_type=\"container\" data-e-type=\"container\" data-settings=\"{&quot;shape_divider_top&quot;:&quot;opacity-tilt&quot;}\">\n\t\t\t\t\t<div class=\"e-con-inner\">\n\t\t\t\t<div class=\"elementor-shape elementor-shape-top\" aria-hidden=\"true\" data-negative=\"false\">\n\t\t\t<svg xmlns=\"http:\/\/www.w3.org\/2000\/svg\" viewbox=\"0 0 2600 131.1\" preserveaspectratio=\"none\">\n\t<path class=\"elementor-shape-fill\" d=\"M0 0L2600 0 2600 69.1 0 0z\"\/>\n\t<path class=\"elementor-shape-fill\" style=\"opacity:0.5\" d=\"M0 0L2600 0 2600 69.1 0 69.1z\"\/>\n\t<path class=\"elementor-shape-fill\" style=\"opacity:0.25\" d=\"M2600 0L0 0 0 130.1 2600 69.1z\"\/>\n<\/svg>\t\t<\/div>\n\t\t<div class=\"elementor-element elementor-element-undefined-2ab98cf e-con-full e-flex e-con e-child\" data-id=\"undefined-2ab98cf\" data-element_type=\"container\" data-e-type=\"container\">\n\t\t\t\t<div class=\"elementor-element elementor-element-undefined-7347973 elementor-widget elementor-widget-heading\" data-id=\"undefined-7347973\" data-element_type=\"widget\" data-e-type=\"widget\" data-widget_type=\"heading.default\">\n\t\t\t\t<div class=\"elementor-widget-container\">\n\t\t\t\t\t<h2 class=\"elementor-heading-title elementor-size-default\">Mantenimiento Parapetos<\/h2>\t\t\t\t<\/div>\n\t\t\t\t<\/div>\n\t\t\t\t<\/div>\n\t\t<div class=\"elementor-element elementor-element-0091b69 e-con-full e-flex e-con e-child\" data-id=\"0091b69\" data-element_type=\"container\" data-e-type=\"container\">\n\t\t\t\t<div class=\"elementor-element elementor-element-9da6010 elementor-widget elementor-widget-text-editor\" data-id=\"9da6010\" data-element_type=\"widget\" data-e-type=\"widget\" data-widget_type=\"text-editor.default\">\n\t\t\t\t<div class=\"elementor-widget-container\">\n\t\t\t\t\t\t\t\t\t<p data-ccp-border-bottom=\"0px none #000000\" data-ccp-padding-bottom=\"0px\" data-ccp-border-between=\"0px none #000000\" data-ccp-padding-between=\"0px\"><span data-contrast=\"none\">Proroof srl fabrica parapetos temporales conforme a las directrices de la norma UNI EN 13374 y parapetos permanentes conforme a las directrices de la norma UNI EN 14122-3.<\/span><span data-ccp-props=\"{&quot;201341983&quot;:0,&quot;335551550&quot;:6,&quot;335551620&quot;:6,&quot;335559740&quot;:480,&quot;335572071&quot;:0,&quot;335572072&quot;:0,&quot;335572073&quot;:4278190080,&quot;335572075&quot;:0,&quot;335572076&quot;:0,&quot;335572077&quot;:4278190080,&quot;335572079&quot;:0,&quot;335572080&quot;:0,&quot;335572081&quot;:4278190080,&quot;335572083&quot;:0,&quot;335572084&quot;:0,&quot;335572085&quot;:4278190080,&quot;335572087&quot;:0,&quot;335572088&quot;:0,&quot;335572089&quot;:4278190080,&quot;469789798&quot;:&quot;none&quot;,&quot;469789802&quot;:&quot;none&quot;,&quot;469789806&quot;:&quot;none&quot;,&quot;469789810&quot;:&quot;none&quot;,&quot;469789814&quot;:&quot;none&quot;}\">\u00a0<\/span><\/p><p data-ccp-border-bottom=\"0px none #000000\" data-ccp-padding-bottom=\"0px\" data-ccp-border-between=\"0px none #000000\" data-ccp-padding-between=\"0px\"><span data-contrast=\"none\">Nuestros parapetos de aluminio son capaces de asegurar cubiertas planas o cubiertas con una inclinaci\u00f3n m\u00e1xima de 15\u00b0. Todos los parapetos tienen una distancia entre ejes de instalaci\u00f3n m\u00e1xima de 150 cm y est\u00e1n disponibles con montantes verticales a la cubierta o inclinados, con solo una barandilla intermedia o tambi\u00e9n con un tope para los pies.<\/span><span data-ccp-props=\"{&quot;201341983&quot;:0,&quot;335551550&quot;:6,&quot;335551620&quot;:6,&quot;335559740&quot;:480,&quot;335572071&quot;:0,&quot;335572072&quot;:0,&quot;335572073&quot;:4278190080,&quot;335572075&quot;:0,&quot;335572076&quot;:0,&quot;335572077&quot;:4278190080,&quot;335572079&quot;:0,&quot;335572080&quot;:0,&quot;335572081&quot;:4278190080,&quot;335572083&quot;:0,&quot;335572084&quot;:0,&quot;335572085&quot;:4278190080,&quot;335572087&quot;:0,&quot;335572088&quot;:0,&quot;335572089&quot;:4278190080,&quot;469789798&quot;:&quot;none&quot;,&quot;469789802&quot;:&quot;none&quot;,&quot;469789806&quot;:&quot;none&quot;,&quot;469789810&quot;:&quot;none&quot;,&quot;469789814&quot;:&quot;none&quot;}\">\u00a0<\/span><\/p><p data-ccp-border-bottom=\"0px none #000000\" data-ccp-padding-bottom=\"0px\" data-ccp-border-between=\"0px none #000000\" data-ccp-padding-between=\"0px\"><span data-contrast=\"none\">Nuestros parapetos representan una soluci\u00f3n innovadora, ya que est\u00e1n dise\u00f1ados para fijarse directamente sobre membranas impermeabilizantes tanto vistas como lastradas. El exclusivo sistema articulado permite colocar el parapeto en vertical, inclinarlo y abatirlo para hacerlo invisible cuando no se realizan tareas de mantenimiento en la cubierta, dejando inalterada la arquitectura y la est\u00e9tica del edificio.<\/span><span data-ccp-props=\"{&quot;201341983&quot;:0,&quot;335551550&quot;:6,&quot;335551620&quot;:6,&quot;335559740&quot;:480,&quot;335572071&quot;:0,&quot;335572072&quot;:0,&quot;335572073&quot;:4278190080,&quot;335572075&quot;:0,&quot;335572076&quot;:0,&quot;335572077&quot;:4278190080,&quot;335572079&quot;:0,&quot;335572080&quot;:0,&quot;335572081&quot;:4278190080,&quot;335572083&quot;:0,&quot;335572084&quot;:0,&quot;335572085&quot;:4278190080,&quot;335572087&quot;:0,&quot;335572088&quot;:0,&quot;335572089&quot;:4278190080,&quot;469789798&quot;:&quot;none&quot;,&quot;469789802&quot;:&quot;none&quot;,&quot;469789806&quot;:&quot;none&quot;,&quot;469789810&quot;:&quot;none&quot;,&quot;469789814&quot;:&quot;none&quot;}\">\u00a0<\/span><\/p>\t\t\t\t\t\t\t\t<\/div>\n\t\t\t\t<\/div>\n\t\t\t\t<\/div>\n\t\t\t\t\t<\/div>\n\t\t\t\t<\/div>\n\t\t<div class=\"elementor-element elementor-element-cec196f e-flex e-con-boxed e-con e-parent\" data-id=\"cec196f\" data-element_type=\"container\" data-e-type=\"container\">\n\t\t\t\t\t<div class=\"e-con-inner\">\n\t\t\t\t<div class=\"elementor-element elementor-element-25e1cf3 elementor-widget elementor-widget-text-editor\" data-id=\"25e1cf3\" data-element_type=\"widget\" data-e-type=\"widget\" data-widget_type=\"text-editor.default\">\n\t\t\t\t<div class=\"elementor-widget-container\">\n\t\t\t\t\t\t\t\t\t<p>descargar fichas t\u00e9cnicas + referencias<\/p>\t\t\t\t\t\t\t\t<\/div>\n\t\t\t\t<\/div>\n\t\t\t\t\t<\/div>\n\t\t\t\t<\/div>\n\t\t<div class=\"elementor-element elementor-element-d1f5ab4 e-grid e-con-boxed e-con e-parent\" data-id=\"d1f5ab4\" data-element_type=\"container\" data-e-type=\"container\">\n\t\t\t\t\t<div class=\"e-con-inner\">\n\t\t\t\t<div class=\"elementor-element elementor-element-f28363d elementor-widget-tablet__width-initial elementor-widget-mobile__width-inherit elementor-widget__width-initial elementor-position-top elementor-widget elementor-widget-image-box\" data-id=\"f28363d\" data-element_type=\"widget\" data-e-type=\"widget\" data-widget_type=\"image-box.default\">\n\t\t\t\t<div class=\"elementor-widget-container\">\n\t\t\t\t\t<div class=\"elementor-image-box-wrapper\"><figure class=\"elementor-image-box-img\"><a href=\"https:\/\/www.proroofsrl.com\/es\/fastenergrip-ppm\/\" tabindex=\"-1\"><img fetchpriority=\"high\" decoding=\"async\" width=\"768\" height=\"1024\" src=\"https:\/\/www.proroofsrl.com\/wp-content\/uploads\/2024\/11\/IMG_8986-768x1024.jpg\" class=\"elementor-animation-grow attachment-medium_large size-medium_large wp-image-358\" alt=\"\" srcset=\"https:\/\/www.proroofsrl.com\/wp-content\/uploads\/2024\/11\/IMG_8986-768x1024.jpg 768w, https:\/\/www.proroofsrl.com\/wp-content\/uploads\/2024\/11\/IMG_8986-225x300.jpg 225w, https:\/\/www.proroofsrl.com\/wp-content\/uploads\/2024\/11\/IMG_8986-1152x1536.jpg 1152w, https:\/\/www.proroofsrl.com\/wp-content\/uploads\/2024\/11\/IMG_8986-1536x2048.jpg 1536w, https:\/\/www.proroofsrl.com\/wp-content\/uploads\/2024\/11\/IMG_8986-9x12.jpg 9w, https:\/\/www.proroofsrl.com\/wp-content\/uploads\/2024\/11\/IMG_8986-scaled.jpg 1920w\" sizes=\"(max-width: 768px) 100vw, 768px\" \/><\/a><\/figure><div class=\"elementor-image-box-content\"><h4 class=\"elementor-image-box-title\"><a href=\"https:\/\/www.proroofsrl.com\/es\/fastenergrip-ppm\/\">FastEnerGrip PPM<\/a><\/h4><\/div><\/div>\t\t\t\t<\/div>\n\t\t\t\t<\/div>\n\t\t\t\t\t<\/div>\n\t\t\t\t<\/div>\n\t\t\t\t<\/div>","protected":false},"excerpt":{"rendered":"<p>Parapetti di manutenzione La Proroof srl realizza parapetti temporanei in linea con le direttive della normativa UNI EN 13374 e parapetti permanenti in linea con le direttive della normativa UNI EN 14122-3.\u00a0 I nostri parapetti in alluminio sono in grado di mettere in sicurezza coperture piane o con inclinazione massima di 15\u00b0. Tutti i parapetti [&hellip;]<\/p>\n","protected":false},"author":1,"featured_media":0,"parent":0,"menu_order":0,"comment_status":"closed","ping_status":"closed","template":"","meta":{"footnotes":""},"class_list":["post-83","page","type-page","status-publish","hentry"],"_links":{"self":[{"href":"https:\/\/www.proroofsrl.com\/es\/wp-json\/wp\/v2\/pages\/83","targetHints":{"allow":["GET"]}}],"collection":[{"href":"https:\/\/www.proroofsrl.com\/es\/wp-json\/wp\/v2\/pages"}],"about":[{"href":"https:\/\/www.proroofsrl.com\/es\/wp-json\/wp\/v2\/types\/page"}],"author":[{"embeddable":true,"href":"https:\/\/www.proroofsrl.com\/es\/wp-json\/wp\/v2\/users\/1"}],"replies":[{"embeddable":true,"href":"https:\/\/www.proroofsrl.com\/es\/wp-json\/wp\/v2\/comments?post=83"}],"version-history":[{"count":19,"href":"https:\/\/www.proroofsrl.com\/es\/wp-json\/wp\/v2\/pages\/83\/revisions"}],"predecessor-version":[{"id":687,"href":"https:\/\/www.proroofsrl.com\/es\/wp-json\/wp\/v2\/pages\/83\/revisions\/687"}],"wp:attachment":[{"href":"https:\/\/www.proroofsrl.com\/es\/wp-json\/wp\/v2\/media?parent=83"}],"curies":[{"name":"wp","href":"https:\/\/api.w.org\/{rel}","templated":true}]}}