{"id":644,"date":"2025-02-09T11:17:51","date_gmt":"2025-02-09T10:17:51","guid":{"rendered":"https:\/\/www.proroofsrl.com\/?page_id=644"},"modified":"2025-07-20T19:47:33","modified_gmt":"2025-07-20T17:47:33","slug":"diseno","status":"publish","type":"page","link":"https:\/\/www.proroofsrl.com\/es\/progettazione\/","title":{"rendered":"Dise\u00f1o"},"content":{"rendered":"<div data-elementor-type=\"wp-page\" data-elementor-id=\"644\" class=\"elementor elementor-644\" data-elementor-post-type=\"page\">\n\t\t\t\t<div class=\"elementor-element elementor-element-undefined-946b46b e-flex e-con-boxed e-con e-parent\" data-id=\"undefined-946b46b\" data-element_type=\"container\" data-e-type=\"container\" data-settings=\"{&quot;shape_divider_top&quot;:&quot;opacity-tilt&quot;}\">\n\t\t\t\t\t<div class=\"e-con-inner\">\n\t\t\t\t<div class=\"elementor-shape elementor-shape-top\" aria-hidden=\"true\" data-negative=\"false\">\n\t\t\t<svg xmlns=\"http:\/\/www.w3.org\/2000\/svg\" viewbox=\"0 0 2600 131.1\" preserveaspectratio=\"none\">\n\t<path class=\"elementor-shape-fill\" d=\"M0 0L2600 0 2600 69.1 0 0z\"\/>\n\t<path class=\"elementor-shape-fill\" style=\"opacity:0.5\" d=\"M0 0L2600 0 2600 69.1 0 69.1z\"\/>\n\t<path class=\"elementor-shape-fill\" style=\"opacity:0.25\" d=\"M2600 0L0 0 0 130.1 2600 69.1z\"\/>\n<\/svg>\t\t<\/div>\n\t\t<div class=\"elementor-element elementor-element-undefined-2ab98cf e-con-full e-flex e-con e-child\" data-id=\"undefined-2ab98cf\" data-element_type=\"container\" data-e-type=\"container\">\n\t\t\t\t<div class=\"elementor-element elementor-element-undefined-7347973 elementor-widget elementor-widget-heading\" data-id=\"undefined-7347973\" data-element_type=\"widget\" data-e-type=\"widget\" data-widget_type=\"heading.default\">\n\t\t\t\t<div class=\"elementor-widget-container\">\n\t\t\t\t\t<h2 class=\"elementor-heading-title elementor-size-default\">Dise\u00f1o<\/h2>\t\t\t\t<\/div>\n\t\t\t\t<\/div>\n\t\t\t\t<div class=\"elementor-element elementor-element-8de1950 elementor--h-position-center elementor--v-position-middle elementor-arrows-position-inside elementor-pagination-position-inside elementor-widget elementor-widget-slides\" data-id=\"8de1950\" data-element_type=\"widget\" data-e-type=\"widget\" data-settings=\"{&quot;navigation&quot;:&quot;both&quot;,&quot;autoplay&quot;:&quot;yes&quot;,&quot;pause_on_hover&quot;:&quot;yes&quot;,&quot;pause_on_interaction&quot;:&quot;yes&quot;,&quot;autoplay_speed&quot;:5000,&quot;infinite&quot;:&quot;yes&quot;,&quot;transition&quot;:&quot;slide&quot;,&quot;transition_speed&quot;:500}\" data-widget_type=\"slides.default\">\n\t\t\t\t<div class=\"elementor-widget-container\">\n\t\t\t\t\t\t\t\t\t<div class=\"elementor-swiper\">\n\t\t\t\t\t<div class=\"elementor-slides-wrapper elementor-main-swiper swiper\" role=\"region\" aria-roledescription=\"carousel\" aria-label=\"Diapositivas\" dir=\"ltr\" data-animation=\"fadeInUp\">\n\t\t\t\t<div class=\"swiper-wrapper elementor-slides\">\n\t\t\t\t\t\t\t\t\t\t<div class=\"elementor-repeater-item-9ceea52 swiper-slide\" role=\"group\" aria-roledescription=\"slide\"><div class=\"swiper-slide-bg elementor-ken-burns elementor-ken-burns--in\" role=\"img\" aria-label=\"crop-architect-opening-the-project\"><\/div><div class=\"swiper-slide-inner\" ><div class=\"swiper-slide-contents\"><\/div><\/div><\/div>\t\t\t\t<\/div>\n\t\t\t\t\t\t\t<\/div>\n\t\t\t\t<\/div>\n\t\t\t\t\t\t\t\t<\/div>\n\t\t\t\t<\/div>\n\t\t\t\t<\/div>\n\t\t<div class=\"elementor-element elementor-element-0091b69 e-con-full e-flex e-con e-child\" data-id=\"0091b69\" data-element_type=\"container\" data-e-type=\"container\">\n\t\t\t\t<div class=\"elementor-element elementor-element-9da6010 elementor-widget elementor-widget-text-editor\" data-id=\"9da6010\" data-element_type=\"widget\" data-e-type=\"widget\" data-widget_type=\"text-editor.default\">\n\t\t\t\t<div class=\"elementor-widget-container\">\n\t\t\t\t\t\t\t\t\t<p>Experiencia, competencia y fiabilidad al servicio de la propiedad<\/p><p><strong>Qui\u00e9nes somos<\/strong><\/p><p>Fundada por un profesional con m\u00e1s de cuarenta a\u00f1os de experiencia en el campo de la impermeabilizaci\u00f3n, Proroof representa hoy una referencia en el dise\u00f1o y control de sistemas de impermeabilizaci\u00f3n, en todos los contextos t\u00e9cnicos y de construcci\u00f3n.<\/p><p><strong>Qu\u00e9 hacemos<\/strong><\/p><p>Servicios ofrecidos:<\/p><ul><li>Dise\u00f1o de sistemas de impermeabilizaci\u00f3n a medida<\/li><li>Selecci\u00f3n de materiales en funci\u00f3n de las condiciones operativas y clim\u00e1ticas<\/li><li>Asistencia t\u00e9cnica in situ<\/li><li>Controles durante la ejecuci\u00f3n<\/li><li>Pruebas t\u00e9cnicas y funcionales de los sistemas instalados<\/li><\/ul><p>\u00a0<\/p><p><strong>Nuestro m\u00e9todo<\/strong><\/p><p>Un enfoque integrado: dise\u00f1o, control y pruebas. Las principales etapas de nuestro servicio son:<\/p><ol><li>Dise\u00f1o t\u00e9cnico<\/li><li>Control durante la puesta<\/li><li>Verificaci\u00f3n y pruebas finales<\/li><\/ol><p>\u00a0<\/p><p><strong>Por qu\u00e9 elegir Proroof<\/strong><\/p><ul><li>Soluciones a medida para cada tipo de cobertura<\/li><li>Reducir los riesgos de infiltraci\u00f3n y litigios<\/li><li>Asistencia t\u00e9cnica permanente<\/li><li>Certificaciones y cumplimiento de la normativa<\/li><li>Colaboraci\u00f3n con empresas, estudios t\u00e9cnicos y gesti\u00f3n de proyectos<\/li><\/ul><p>\u00a0<\/p><p><strong>Tipos de sistemas de impermeabilizaci\u00f3n instalados<\/strong><\/p><ul><li>Membranas sint\u00e9ticas PVC-P \/ TPO \/ FPO<\/li><li>Bituminoso caliente y fr\u00edo<\/li><li>Sistemas de base l\u00edquida (resinas, poliureas)<\/li><li>Cubiertas verdes, lastradas y transitables<\/li><li>Impermeabilizaci\u00f3n de cimientos, dep\u00f3sitos y puentes<\/li><\/ul>\t\t\t\t\t\t\t\t<\/div>\n\t\t\t\t<\/div>\n\t\t\t\t<\/div>\n\t\t\t\t\t<\/div>\n\t\t\t\t<\/div>\n\t\t\t\t<\/div>","protected":false},"excerpt":{"rendered":"<p>Progettazione Esperienza, competenza e affidabilit\u00e0 al servizio della tenuta Chi siamo Fondata da un professionista con oltre quarant\u2019anni di esperienza nel campo dell\u2019impermeabilizzazione, Proroof rappresenta oggi un punto di riferimento per la progettazione e il controllo dei sistemi impermeabili, in ogni contesto tecnico e costruttivo. Cosa facciamo Servizi offerti: Progettazione di sistemi impermeabili su misura [&hellip;]<\/p>\n","protected":false},"author":1,"featured_media":0,"parent":0,"menu_order":0,"comment_status":"closed","ping_status":"closed","template":"","meta":{"footnotes":""},"class_list":["post-644","page","type-page","status-publish","hentry"],"_links":{"self":[{"href":"https:\/\/www.proroofsrl.com\/es\/wp-json\/wp\/v2\/pages\/644","targetHints":{"allow":["GET"]}}],"collection":[{"href":"https:\/\/www.proroofsrl.com\/es\/wp-json\/wp\/v2\/pages"}],"about":[{"href":"https:\/\/www.proroofsrl.com\/es\/wp-json\/wp\/v2\/types\/page"}],"author":[{"embeddable":true,"href":"https:\/\/www.proroofsrl.com\/es\/wp-json\/wp\/v2\/users\/1"}],"replies":[{"embeddable":true,"href":"https:\/\/www.proroofsrl.com\/es\/wp-json\/wp\/v2\/comments?post=644"}],"version-history":[{"count":13,"href":"https:\/\/www.proroofsrl.com\/es\/wp-json\/wp\/v2\/pages\/644\/revisions"}],"predecessor-version":[{"id":787,"href":"https:\/\/www.proroofsrl.com\/es\/wp-json\/wp\/v2\/pages\/644\/revisions\/787"}],"wp:attachment":[{"href":"https:\/\/www.proroofsrl.com\/es\/wp-json\/wp\/v2\/media?parent=644"}],"curies":[{"name":"wp","href":"https:\/\/api.w.org\/{rel}","templated":true}]}}