{"id":621,"date":"2025-02-09T11:10:35","date_gmt":"2025-02-09T10:10:35","guid":{"rendered":"https:\/\/www.proroofsrl.com\/?page_id=621"},"modified":"2025-07-20T15:14:32","modified_gmt":"2025-07-20T13:14:32","slug":"eld-deteccion-electronica-de-fugas","status":"publish","type":"page","link":"https:\/\/www.proroofsrl.com\/es\/eld-electronic-leak-detection\/","title":{"rendered":"ELD (Detecci\u00f3n electr\u00f3nica de fugas)"},"content":{"rendered":"<div data-elementor-type=\"wp-page\" data-elementor-id=\"621\" class=\"elementor elementor-621\" data-elementor-post-type=\"page\">\n\t\t\t\t<div class=\"elementor-element elementor-element-undefined-946b46b e-flex e-con-boxed e-con e-parent\" data-id=\"undefined-946b46b\" data-element_type=\"container\" data-e-type=\"container\" data-settings=\"{&quot;shape_divider_top&quot;:&quot;opacity-tilt&quot;}\">\n\t\t\t\t\t<div class=\"e-con-inner\">\n\t\t\t\t<div class=\"elementor-shape elementor-shape-top\" aria-hidden=\"true\" data-negative=\"false\">\n\t\t\t<svg xmlns=\"http:\/\/www.w3.org\/2000\/svg\" viewbox=\"0 0 2600 131.1\" preserveaspectratio=\"none\">\n\t<path class=\"elementor-shape-fill\" d=\"M0 0L2600 0 2600 69.1 0 0z\"\/>\n\t<path class=\"elementor-shape-fill\" style=\"opacity:0.5\" d=\"M0 0L2600 0 2600 69.1 0 69.1z\"\/>\n\t<path class=\"elementor-shape-fill\" style=\"opacity:0.25\" d=\"M2600 0L0 0 0 130.1 2600 69.1z\"\/>\n<\/svg>\t\t<\/div>\n\t\t<div class=\"elementor-element elementor-element-undefined-2ab98cf e-con-full e-flex e-con e-child\" data-id=\"undefined-2ab98cf\" data-element_type=\"container\" data-e-type=\"container\">\n\t\t\t\t<div class=\"elementor-element elementor-element-undefined-7347973 elementor-widget elementor-widget-heading\" data-id=\"undefined-7347973\" data-element_type=\"widget\" data-e-type=\"widget\" data-widget_type=\"heading.default\">\n\t\t\t\t<div class=\"elementor-widget-container\">\n\t\t\t\t\t<h2 class=\"elementor-heading-title elementor-size-default\">ELD (Detecci\u00f3n electr\u00f3nica de fugas)<\/h2>\t\t\t\t<\/div>\n\t\t\t\t<\/div>\n\t\t\t\t<\/div>\n\t\t<div class=\"elementor-element elementor-element-0091b69 e-con-full e-flex e-con e-child\" data-id=\"0091b69\" data-element_type=\"container\" data-e-type=\"container\">\n\t\t<div class=\"elementor-element elementor-element-72364dd e-grid e-con-full e-con e-child\" data-id=\"72364dd\" data-element_type=\"container\" data-e-type=\"container\">\n\t\t\t\t<div class=\"elementor-element elementor-element-b64967d elementor-widget elementor-widget-image\" data-id=\"b64967d\" data-element_type=\"widget\" data-e-type=\"widget\" data-widget_type=\"image.default\">\n\t\t\t\t<div class=\"elementor-widget-container\">\n\t\t\t\t\t\t\t\t\t\t\t\t\t\t\t<img fetchpriority=\"high\" decoding=\"async\" width=\"768\" height=\"1024\" src=\"https:\/\/www.proroofsrl.com\/wp-content\/uploads\/2025\/07\/35B5E244-E52C-4E85-9BD1-C3F0F785A8F7_1_105_c.jpeg\" class=\"attachment-large size-large wp-image-730\" alt=\"\" srcset=\"https:\/\/www.proroofsrl.com\/wp-content\/uploads\/2025\/07\/35B5E244-E52C-4E85-9BD1-C3F0F785A8F7_1_105_c.jpeg 768w, https:\/\/www.proroofsrl.com\/wp-content\/uploads\/2025\/07\/35B5E244-E52C-4E85-9BD1-C3F0F785A8F7_1_105_c-225x300.jpeg 225w, https:\/\/www.proroofsrl.com\/wp-content\/uploads\/2025\/07\/35B5E244-E52C-4E85-9BD1-C3F0F785A8F7_1_105_c-9x12.jpeg 9w\" sizes=\"(max-width: 768px) 100vw, 768px\" \/>\t\t\t\t\t\t\t\t\t\t\t\t\t\t\t<\/div>\n\t\t\t\t<\/div>\n\t\t\t\t<div class=\"elementor-element elementor-element-085de4c elementor-widget elementor-widget-image\" data-id=\"085de4c\" data-element_type=\"widget\" data-e-type=\"widget\" data-widget_type=\"image.default\">\n\t\t\t\t<div class=\"elementor-widget-container\">\n\t\t\t\t\t\t\t\t\t\t\t\t\t\t\t<img decoding=\"async\" width=\"768\" height=\"1024\" src=\"https:\/\/www.proroofsrl.com\/wp-content\/uploads\/2025\/07\/E2EEB530-C87C-486B-8D10-305CF55FA500_1_102_o-768x1024.jpeg\" class=\"attachment-large size-large wp-image-731\" alt=\"\" srcset=\"https:\/\/www.proroofsrl.com\/wp-content\/uploads\/2025\/07\/E2EEB530-C87C-486B-8D10-305CF55FA500_1_102_o-768x1024.jpeg 768w, https:\/\/www.proroofsrl.com\/wp-content\/uploads\/2025\/07\/E2EEB530-C87C-486B-8D10-305CF55FA500_1_102_o-225x300.jpeg 225w, https:\/\/www.proroofsrl.com\/wp-content\/uploads\/2025\/07\/E2EEB530-C87C-486B-8D10-305CF55FA500_1_102_o-1152x1536.jpeg 1152w, https:\/\/www.proroofsrl.com\/wp-content\/uploads\/2025\/07\/E2EEB530-C87C-486B-8D10-305CF55FA500_1_102_o-9x12.jpeg 9w, https:\/\/www.proroofsrl.com\/wp-content\/uploads\/2025\/07\/E2EEB530-C87C-486B-8D10-305CF55FA500_1_102_o.jpeg 1536w\" sizes=\"(max-width: 768px) 100vw, 768px\" \/>\t\t\t\t\t\t\t\t\t\t\t\t\t\t\t<\/div>\n\t\t\t\t<\/div>\n\t\t\t\t<\/div>\n\t\t\t\t<div class=\"elementor-element elementor-element-9da6010 elementor-widget elementor-widget-text-editor\" data-id=\"9da6010\" data-element_type=\"widget\" data-e-type=\"widget\" data-widget_type=\"text-editor.default\">\n\t\t\t\t<div class=\"elementor-widget-container\">\n\t\t\t\t\t\t\t\t\t<p>Este sistema puede distinguirse entre h\u00famedo y seco, en funci\u00f3n de las caracter\u00edsticas de la superficie a examinar.<br \/><br \/><\/p><p><strong>Seco<\/strong><\/p><p>En el caso de una membrana impermeabilizante seca y\/o semiseca, las pruebas se llevar\u00e1n a cabo utilizando la tecnolog\u00eda de alta tensi\u00f3n, mejor definida como m\u00e9todo seco.<\/p><p>Este sistema permite comprobar y probar membranas impermeabilizantes no conductoras mediante tecnolog\u00eda de alta tensi\u00f3n aprovechando la estructura diel\u00e9ctrica del revestimiento.<\/p><p>La p\u00e9rdida de capacidad diel\u00e9ctrica del revestimiento, debida a su alteraci\u00f3n, permite al ELD detectar agujeros, da\u00f1os y discontinuidades de vulcanizaci\u00f3n.<\/p><p>El m\u00e9todo en seco implica el uso de instrumentaci\u00f3n de \u00faltima generaci\u00f3n, controlada por microprocesador y dise\u00f1ada para proporcionar una tensi\u00f3n continua de salida estabilizada que puede ajustarse en funci\u00f3n del grosor del revestimiento.<\/p><p>Un cable en espiral de baja tensi\u00f3n conecta la unidad de detecci\u00f3n a la sonda de prueba.<\/p><p>La tensi\u00f3n de prueba llegar\u00e1:<\/p><ul><li>o calculado autom\u00e1ticamente por el instrumento fijando el espesor del revestimiento con referencia a los criterios BS EN-50356 preestablecidos (si se dispone de las hojas de datos del fabricante);<\/li><li>o calculado con una muestra de la cubierta presente en el edificio, seg\u00fan los criterios de la norma BS EN 60052:2002.<\/li><\/ul><p>De hecho, la prueba se basa en conectar la estructura en negativo, mediante un cable de tierra conectado directamente al detector, y recorrer toda la superficie con una sonda, que genera alta tensi\u00f3n, en busca de discontinuidades en las vulcanizaciones y\/o da\u00f1os en el revestimiento impermeable.<\/p><p>La detecci\u00f3n de una anomal\u00eda se indicar\u00e1 mediante una alarma sonora seguida de la iluminaci\u00f3n de un LED rojo en el panel frontal del detector.<\/p><p>Si hay discontinuidades en la vulcanizaci\u00f3n, agujeros o cortes en el manto, tambi\u00e9n se generar\u00e1 una chispa de arco.<\/p><p><i>\u00a0<\/i><\/p><p><strong>Mojado<\/strong><\/p><p>Si la membrana impermeabilizante est\u00e1 especialmente h\u00fameda, se probar\u00e1 con el m\u00e9todo \u201ch\u00famedo\u201d.<\/p><p>Este sistema, basado en la tecnolog\u00eda de baja tensi\u00f3n, implica el uso de un cable conductor que formar\u00e1 un bucle dentro del cual se realizar\u00e1 la prueba. Esta prueba implica el uso de un generador de impulsos que produce corriente de baja tensi\u00f3n.<\/p><p>Un cable conecta el generador a la estructura, la corriente se propaga por la superficie de prueba a trav\u00e9s de dos sondas que generan un impulso.<\/p><p>Si hay una anomal\u00eda en el manto, el dispositivo de detecci\u00f3n indica al operador d\u00f3nde se encuentra exactamente.<\/p>\t\t\t\t\t\t\t\t<\/div>\n\t\t\t\t<\/div>\n\t\t\t\t<\/div>\n\t\t\t\t\t<\/div>\n\t\t\t\t<\/div>\n\t\t\t\t<\/div>","protected":false},"excerpt":{"rendered":"<p>ELD (Electronic Leak Detection) Questo sistema pu\u00f2 essere distinto tra wet e dry, in base alle caratteristiche che presenta la superficie da esaminare. Dry Nel caso di manto impermeabile asciutto e\/o semi umido si proceder\u00e0 ad effettuare il collaudo mediante la tecnologia dell\u2019alta tensione, meglio definita come metodo dry. Questo sistema permette di controllare e [&hellip;]<\/p>\n","protected":false},"author":1,"featured_media":0,"parent":0,"menu_order":0,"comment_status":"closed","ping_status":"closed","template":"","meta":{"footnotes":""},"class_list":["post-621","page","type-page","status-publish","hentry"],"_links":{"self":[{"href":"https:\/\/www.proroofsrl.com\/es\/wp-json\/wp\/v2\/pages\/621","targetHints":{"allow":["GET"]}}],"collection":[{"href":"https:\/\/www.proroofsrl.com\/es\/wp-json\/wp\/v2\/pages"}],"about":[{"href":"https:\/\/www.proroofsrl.com\/es\/wp-json\/wp\/v2\/types\/page"}],"author":[{"embeddable":true,"href":"https:\/\/www.proroofsrl.com\/es\/wp-json\/wp\/v2\/users\/1"}],"replies":[{"embeddable":true,"href":"https:\/\/www.proroofsrl.com\/es\/wp-json\/wp\/v2\/comments?post=621"}],"version-history":[{"count":7,"href":"https:\/\/www.proroofsrl.com\/es\/wp-json\/wp\/v2\/pages\/621\/revisions"}],"predecessor-version":[{"id":743,"href":"https:\/\/www.proroofsrl.com\/es\/wp-json\/wp\/v2\/pages\/621\/revisions\/743"}],"wp:attachment":[{"href":"https:\/\/www.proroofsrl.com\/es\/wp-json\/wp\/v2\/media?parent=621"}],"curies":[{"name":"wp","href":"https:\/\/api.w.org\/{rel}","templated":true}]}}