{"id":61,"date":"2024-09-02T18:01:21","date_gmt":"2024-09-02T16:01:21","guid":{"rendered":"https:\/\/www.proroofsrl.com\/?page_id=61"},"modified":"2025-07-20T15:52:26","modified_gmt":"2025-07-20T13:52:26","slug":"productos","status":"publish","type":"page","link":"https:\/\/www.proroofsrl.com\/es\/prodotti\/","title":{"rendered":"Productos"},"content":{"rendered":"<div data-elementor-type=\"wp-page\" data-elementor-id=\"61\" class=\"elementor elementor-61\" data-elementor-post-type=\"page\">\n\t\t\t\t<div class=\"elementor-element elementor-element-undefined-946b46b e-flex e-con-boxed e-con e-parent\" data-id=\"undefined-946b46b\" data-element_type=\"container\" data-e-type=\"container\" data-settings=\"{&quot;shape_divider_top&quot;:&quot;opacity-tilt&quot;}\">\n\t\t\t\t\t<div class=\"e-con-inner\">\n\t\t\t\t<div class=\"elementor-shape elementor-shape-top\" aria-hidden=\"true\" data-negative=\"false\">\n\t\t\t<svg xmlns=\"http:\/\/www.w3.org\/2000\/svg\" viewbox=\"0 0 2600 131.1\" preserveaspectratio=\"none\">\n\t<path class=\"elementor-shape-fill\" d=\"M0 0L2600 0 2600 69.1 0 0z\"\/>\n\t<path class=\"elementor-shape-fill\" style=\"opacity:0.5\" d=\"M0 0L2600 0 2600 69.1 0 69.1z\"\/>\n\t<path class=\"elementor-shape-fill\" style=\"opacity:0.25\" d=\"M2600 0L0 0 0 130.1 2600 69.1z\"\/>\n<\/svg>\t\t<\/div>\n\t\t<div class=\"elementor-element elementor-element-undefined-2ab98cf e-con-full e-flex e-con e-child\" data-id=\"undefined-2ab98cf\" data-element_type=\"container\" data-e-type=\"container\">\n\t\t\t\t<div class=\"elementor-element elementor-element-undefined-7347973 elementor-widget elementor-widget-heading\" data-id=\"undefined-7347973\" data-element_type=\"widget\" data-e-type=\"widget\" data-widget_type=\"heading.default\">\n\t\t\t\t<div class=\"elementor-widget-container\">\n\t\t\t\t\t<h2 class=\"elementor-heading-title elementor-size-default\">Productos<\/h2>\t\t\t\t<\/div>\n\t\t\t\t<\/div>\n\t\t\t\t<div class=\"elementor-element elementor-element-undefined-cf3c90c elementor-widget elementor-widget-heading\" data-id=\"undefined-cf3c90c\" data-element_type=\"widget\" data-e-type=\"widget\" data-widget_type=\"heading.default\">\n\t\t\t\t<div class=\"elementor-widget-container\">\n\t\t\t\t\t<h5 class=\"elementor-heading-title elementor-size-default\">Nuestras categor\u00edas de productos son las siguientes<\/h5>\t\t\t\t<\/div>\n\t\t\t\t<\/div>\n\t\t\t\t<\/div>\n\t\t<div class=\"elementor-element elementor-element-0091b69 e-con-full e-flex e-con e-child\" data-id=\"0091b69\" data-element_type=\"container\" data-e-type=\"container\">\n\t\t\t\t<div class=\"elementor-element elementor-element-9da6010 elementor-widget elementor-widget-text-editor\" data-id=\"9da6010\" data-element_type=\"widget\" data-e-type=\"widget\" data-widget_type=\"text-editor.default\">\n\t\t\t\t<div class=\"elementor-widget-container\">\n\t\t\t\t\t\t\t\t\t<p>La fijaci\u00f3n de superestructuras en los tejados de los edificios representa un reto importante tanto en la construcci\u00f3n civil como en la industrial.<\/p><p>El proyectista se enfrenta a las siguientes cuestiones, en vista de que est\u00e1 obligado a cumplir con las disposiciones de la ley, en Italia : Decreto Ministerial de 17 de enero de 2018 - actualizaci\u00f3n de las Normas T\u00e9cnicas para la Construcci\u00f3n Cap\u00edtulo 7.2.4:<\/p><ol><li>para garantizar una fijaci\u00f3n s\u00f3lida y segura, capaz de soportar todas las tensiones que los agentes atmosf\u00e9ricos a trav\u00e9s de la superestructura ejercen sobre los elementos de fijaci\u00f3n en t\u00e9rminos de resistencia a la tracci\u00f3n y al cizallamiento;<\/li><li>garantizar una perfecta estanqueidad mediante el sistema de fijaci\u00f3n elegido.<\/li><\/ol><p>Proroof Ltd. se esfuerza constantemente, mediante estudios y aplicaciones, por ofrecer el sistema FastEnerGrip al dise\u00f1ador, al aplicador y al cliente.<\/p><p>El sistema FastEnerGrip resuelve todos los problemas necesarios para una fijaci\u00f3n segura, duradera e impermeable.<\/p><p>Gracias al sistema patentado FSTENERGRIP, Proroof puede ofrecer las siguientes ventajas :<\/p><ol><li>Resistencia a la tracci\u00f3n de 3,5 kN a 54 kN;<\/li><li>Resistencia al cizallamiento de 6,9 kN a 35 kN;<\/li><li>Estanqueidad absoluta del sistema de fijaci\u00f3n;<\/li><li>Adecuado para su uso en superficies con una inclinaci\u00f3n de m\u00e1s de 45\u00b0.<\/li><li>Caracter\u00edsticas constantes en el tiempo y reproducibles.<\/li><li>Apto para contacto constante, inmersi\u00f3n, con l\u00edquidos.<\/li><\/ol><p>\u00a0<\/p><p><strong>El sistema FastEnerGrip se monta \u00edntegramente en f\u00e1brica en condiciones ambientales constantes y en ausencia de elementos contaminantes como polvo, agua, etc., que pueden afectar al rendimiento mec\u00e1nico.<\/strong><\/p>\t\t\t\t\t\t\t\t<\/div>\n\t\t\t\t<\/div>\n\t\t\t\t<\/div>\n\t\t<div class=\"elementor-element elementor-element-9660283 e-con-full e-flex e-con e-child\" data-id=\"9660283\" data-element_type=\"container\" data-e-type=\"container\" data-settings=\"{&quot;background_background&quot;:&quot;classic&quot;}\">\n\t\t\t\t<div class=\"elementor-element elementor-element-4b6a18c elementor-widget__width-initial elementor-widget-tablet__width-inherit elementor-widget elementor-widget-image\" data-id=\"4b6a18c\" data-element_type=\"widget\" data-e-type=\"widget\" data-widget_type=\"image.default\">\n\t\t\t\t<div class=\"elementor-widget-container\">\n\t\t\t\t\t\t\t\t\t\t\t\t\t\t\t<img fetchpriority=\"high\" decoding=\"async\" width=\"576\" height=\"1024\" src=\"https:\/\/www.proroofsrl.com\/wp-content\/uploads\/2024\/09\/b793a360-ebe7-409a-8bb7-0d231b3bc2c8-576x1024.webp\" class=\"attachment-large size-large wp-image-194\" alt=\"\" srcset=\"https:\/\/www.proroofsrl.com\/wp-content\/uploads\/2024\/09\/b793a360-ebe7-409a-8bb7-0d231b3bc2c8-576x1024.webp 576w, https:\/\/www.proroofsrl.com\/wp-content\/uploads\/2024\/09\/b793a360-ebe7-409a-8bb7-0d231b3bc2c8-169x300.webp 169w, https:\/\/www.proroofsrl.com\/wp-content\/uploads\/2024\/09\/b793a360-ebe7-409a-8bb7-0d231b3bc2c8-768x1365.webp 768w, https:\/\/www.proroofsrl.com\/wp-content\/uploads\/2024\/09\/b793a360-ebe7-409a-8bb7-0d231b3bc2c8-864x1536.webp 864w, https:\/\/www.proroofsrl.com\/wp-content\/uploads\/2024\/09\/b793a360-ebe7-409a-8bb7-0d231b3bc2c8.webp 900w\" sizes=\"(max-width: 576px) 100vw, 576px\" \/>\t\t\t\t\t\t\t\t\t\t\t\t\t\t\t<\/div>\n\t\t\t\t<\/div>\n\t\t<div class=\"elementor-element elementor-element-51cae56 e-con-full e-flex e-con e-child\" data-id=\"51cae56\" data-element_type=\"container\" data-e-type=\"container\">\n\t\t\t\t<div class=\"elementor-element elementor-element-64e756b elementor-widget elementor-widget-heading\" data-id=\"64e756b\" data-element_type=\"widget\" data-e-type=\"widget\" data-widget_type=\"heading.default\">\n\t\t\t\t<div class=\"elementor-widget-container\">\n\t\t\t\t\t<p class=\"elementor-heading-title elementor-size-default\">CATEGOR\u00cdA<\/p>\t\t\t\t<\/div>\n\t\t\t\t<\/div>\n\t\t\t\t<div class=\"elementor-element elementor-element-3f7842e elementor-widget elementor-widget-heading\" data-id=\"3f7842e\" data-element_type=\"widget\" data-e-type=\"widget\" data-widget_type=\"heading.default\">\n\t\t\t\t<div class=\"elementor-widget-container\">\n\t\t\t\t\t<h2 class=\"elementor-heading-title elementor-size-default\"><a href=\"https:\/\/www.proroofsrl.com\/es\/sistemas-de-fijacion-estancos\/\">Sistemas de fijaci\u00f3n estancos<\/a><\/h2>\t\t\t\t<\/div>\n\t\t\t\t<\/div>\n\t\t\t\t<div class=\"elementor-element elementor-element-fe68e7b elementor-widget elementor-widget-text-editor\" data-id=\"fe68e7b\" data-element_type=\"widget\" data-e-type=\"widget\" data-widget_type=\"text-editor.default\">\n\t\t\t\t<div class=\"elementor-widget-container\">\n\t\t\t\t\t\t\t\t\t<p>Insertar texto...<\/p>\t\t\t\t\t\t\t\t<\/div>\n\t\t\t\t<\/div>\n\t\t\t\t<div class=\"elementor-element elementor-element-50362a3 elementor-align-left elementor-tablet-align-center elementor-widget elementor-widget-button\" data-id=\"50362a3\" data-element_type=\"widget\" data-e-type=\"widget\" data-widget_type=\"button.default\">\n\t\t\t\t<div class=\"elementor-widget-container\">\n\t\t\t\t\t\t\t\t\t<div class=\"elementor-button-wrapper\">\n\t\t\t\t\t<a class=\"elementor-button elementor-button-link elementor-size-sm elementor-animation-grow\" href=\"https:\/\/www.proroofsrl.com\/es\/sistemas-de-fijacion-estancos\/\">\n\t\t\t\t\t\t<span class=\"elementor-button-content-wrapper\">\n\t\t\t\t\t\t\t\t\t<span class=\"elementor-button-text\">Ver los productos<\/span>\n\t\t\t\t\t<\/span>\n\t\t\t\t\t<\/a>\n\t\t\t\t<\/div>\n\t\t\t\t\t\t\t\t<\/div>\n\t\t\t\t<\/div>\n\t\t\t\t<\/div>\n\t\t\t\t<\/div>\n\t\t<div class=\"elementor-element elementor-element-4a2a6fe e-con-full e-flex e-con e-child\" data-id=\"4a2a6fe\" data-element_type=\"container\" data-e-type=\"container\" data-settings=\"{&quot;background_background&quot;:&quot;classic&quot;}\">\n\t\t<div class=\"elementor-element elementor-element-422423f e-con-full e-flex e-con e-child\" data-id=\"422423f\" data-element_type=\"container\" data-e-type=\"container\">\n\t\t\t\t<div class=\"elementor-element elementor-element-053f0c1 elementor-widget elementor-widget-heading\" data-id=\"053f0c1\" data-element_type=\"widget\" data-e-type=\"widget\" data-widget_type=\"heading.default\">\n\t\t\t\t<div class=\"elementor-widget-container\">\n\t\t\t\t\t<p class=\"elementor-heading-title elementor-size-default\">CATEGOR\u00cdA<\/p>\t\t\t\t<\/div>\n\t\t\t\t<\/div>\n\t\t\t\t<div class=\"elementor-element elementor-element-c5aadce elementor-widget elementor-widget-heading\" data-id=\"c5aadce\" data-element_type=\"widget\" data-e-type=\"widget\" data-widget_type=\"heading.default\">\n\t\t\t\t<div class=\"elementor-widget-container\">\n\t\t\t\t\t<h2 class=\"elementor-heading-title elementor-size-default\"><a href=\"https:\/\/www.proroofsrl.com\/es\/parapetos-de-mantenimiento\/\">Mantenimiento Parapetos<\/a><\/h2>\t\t\t\t<\/div>\n\t\t\t\t<\/div>\n\t\t\t\t<div class=\"elementor-element elementor-element-ca52e40 elementor-widget elementor-widget-text-editor\" data-id=\"ca52e40\" data-element_type=\"widget\" data-e-type=\"widget\" data-widget_type=\"text-editor.default\">\n\t\t\t\t<div class=\"elementor-widget-container\">\n\t\t\t\t\t\t\t\t\t<p>Insertar texto...<\/p>\t\t\t\t\t\t\t\t<\/div>\n\t\t\t\t<\/div>\n\t\t\t\t<div class=\"elementor-element elementor-element-36b4e93 elementor-align-left elementor-tablet-align-center elementor-widget elementor-widget-button\" data-id=\"36b4e93\" data-element_type=\"widget\" data-e-type=\"widget\" data-widget_type=\"button.default\">\n\t\t\t\t<div class=\"elementor-widget-container\">\n\t\t\t\t\t\t\t\t\t<div class=\"elementor-button-wrapper\">\n\t\t\t\t\t<a class=\"elementor-button elementor-button-link elementor-size-sm elementor-animation-grow\" href=\"https:\/\/www.proroofsrl.com\/es\/parapetos-de-mantenimiento\/\">\n\t\t\t\t\t\t<span class=\"elementor-button-content-wrapper\">\n\t\t\t\t\t\t\t\t\t<span class=\"elementor-button-text\">Ver los productos<\/span>\n\t\t\t\t\t<\/span>\n\t\t\t\t\t<\/a>\n\t\t\t\t<\/div>\n\t\t\t\t\t\t\t\t<\/div>\n\t\t\t\t<\/div>\n\t\t\t\t<\/div>\n\t\t\t\t<div class=\"elementor-element elementor-element-6585ee6 elementor-widget__width-initial elementor-widget-tablet__width-inherit elementor-widget elementor-widget-image\" data-id=\"6585ee6\" data-element_type=\"widget\" data-e-type=\"widget\" data-widget_type=\"image.default\">\n\t\t\t\t<div class=\"elementor-widget-container\">\n\t\t\t\t\t\t\t\t\t\t\t\t\t\t\t<img decoding=\"async\" width=\"768\" height=\"1024\" src=\"https:\/\/www.proroofsrl.com\/wp-content\/uploads\/2024\/09\/IMG_8986-768x1024.jpg\" class=\"attachment-large size-large wp-image-302\" alt=\"\" srcset=\"https:\/\/www.proroofsrl.com\/wp-content\/uploads\/2024\/09\/IMG_8986-768x1024.jpg 768w, https:\/\/www.proroofsrl.com\/wp-content\/uploads\/2024\/09\/IMG_8986-225x300.jpg 225w, https:\/\/www.proroofsrl.com\/wp-content\/uploads\/2024\/09\/IMG_8986-9x12.jpg 9w, https:\/\/www.proroofsrl.com\/wp-content\/uploads\/2024\/09\/IMG_8986.jpg 960w\" sizes=\"(max-width: 768px) 100vw, 768px\" \/>\t\t\t\t\t\t\t\t\t\t\t\t\t\t\t<\/div>\n\t\t\t\t<\/div>\n\t\t\t\t<\/div>\n\t\t<div class=\"elementor-element elementor-element-d097f05 e-con-full e-flex e-con e-child\" data-id=\"d097f05\" data-element_type=\"container\" data-e-type=\"container\" data-settings=\"{&quot;background_background&quot;:&quot;classic&quot;}\">\n\t\t<div class=\"elementor-element elementor-element-bc4c9ed e-con-full e-flex e-con e-child\" data-id=\"bc4c9ed\" data-element_type=\"container\" data-e-type=\"container\">\n\t\t\t\t<div class=\"elementor-element elementor-element-3cef425 elementor-widget elementor-widget-heading\" data-id=\"3cef425\" data-element_type=\"widget\" data-e-type=\"widget\" data-widget_type=\"heading.default\">\n\t\t\t\t<div class=\"elementor-widget-container\">\n\t\t\t\t\t<p class=\"elementor-heading-title elementor-size-default\">CATEGOR\u00cdA<\/p>\t\t\t\t<\/div>\n\t\t\t\t<\/div>\n\t\t\t\t<div class=\"elementor-element elementor-element-821dbdf elementor-widget elementor-widget-text-editor\" data-id=\"821dbdf\" data-element_type=\"widget\" data-e-type=\"widget\" data-widget_type=\"text-editor.default\">\n\t\t\t\t<div class=\"elementor-widget-container\">\n\t\t\t\t\t\t\t\t\t<p>Insertar texto...<\/p>\t\t\t\t\t\t\t\t<\/div>\n\t\t\t\t<\/div>\n\t\t\t\t<div class=\"elementor-element elementor-element-ed54458 elementor-widget elementor-widget-heading\" data-id=\"ed54458\" data-element_type=\"widget\" data-e-type=\"widget\" data-widget_type=\"heading.default\">\n\t\t\t\t<div class=\"elementor-widget-container\">\n\t\t\t\t\t<h2 class=\"elementor-heading-title elementor-size-default\"><a href=\"https:\/\/www.proroofsrl.com\/es\/productos-complementarios-a-la-impermeabilizacion\/\">Productos complementarios <\/a><\/h2>\t\t\t\t<\/div>\n\t\t\t\t<\/div>\n\t\t\t\t<div class=\"elementor-element elementor-element-cd8a3dc elementor-align-left elementor-tablet-align-center elementor-widget elementor-widget-button\" data-id=\"cd8a3dc\" data-element_type=\"widget\" data-e-type=\"widget\" data-widget_type=\"button.default\">\n\t\t\t\t<div class=\"elementor-widget-container\">\n\t\t\t\t\t\t\t\t\t<div class=\"elementor-button-wrapper\">\n\t\t\t\t\t<a class=\"elementor-button elementor-button-link elementor-size-sm elementor-animation-grow\" href=\"https:\/\/www.proroofsrl.com\/es\/productos-complementarios-a-la-impermeabilizacion\/\">\n\t\t\t\t\t\t<span class=\"elementor-button-content-wrapper\">\n\t\t\t\t\t\t\t\t\t<span class=\"elementor-button-text\">Ver los productos<\/span>\n\t\t\t\t\t<\/span>\n\t\t\t\t\t<\/a>\n\t\t\t\t<\/div>\n\t\t\t\t\t\t\t\t<\/div>\n\t\t\t\t<\/div>\n\t\t\t\t<\/div>\n\t\t\t\t<div class=\"elementor-element elementor-element-9736c03 elementor-widget__width-initial elementor-widget-tablet__width-inherit elementor-widget elementor-widget-image\" data-id=\"9736c03\" data-element_type=\"widget\" data-e-type=\"widget\" data-widget_type=\"image.default\">\n\t\t\t\t<div class=\"elementor-widget-container\">\n\t\t\t\t\t\t\t\t\t\t\t\t\t\t\t<img decoding=\"async\" width=\"632\" height=\"1024\" src=\"https:\/\/www.proroofsrl.com\/wp-content\/uploads\/2024\/11\/Soggetto-8-632x1024.png\" class=\"attachment-large size-large wp-image-361\" alt=\"\" srcset=\"https:\/\/www.proroofsrl.com\/wp-content\/uploads\/2024\/11\/Soggetto-8-632x1024.png 632w, https:\/\/www.proroofsrl.com\/wp-content\/uploads\/2024\/11\/Soggetto-8-185x300.png 185w, https:\/\/www.proroofsrl.com\/wp-content\/uploads\/2024\/11\/Soggetto-8-768x1245.png 768w, https:\/\/www.proroofsrl.com\/wp-content\/uploads\/2024\/11\/Soggetto-8-947x1536.png 947w, https:\/\/www.proroofsrl.com\/wp-content\/uploads\/2024\/11\/Soggetto-8-1263x2048.png 1263w, https:\/\/www.proroofsrl.com\/wp-content\/uploads\/2024\/11\/Soggetto-8-7x12.png 7w\" sizes=\"(max-width: 632px) 100vw, 632px\" \/>\t\t\t\t\t\t\t\t\t\t\t\t\t\t\t<\/div>\n\t\t\t\t<\/div>\n\t\t\t\t<\/div>\n\t\t\t\t\t<\/div>\n\t\t\t\t<\/div>\n\t\t<div class=\"elementor-element elementor-element-4e121f8 e-flex e-con-boxed e-con e-parent\" data-id=\"4e121f8\" data-element_type=\"container\" data-e-type=\"container\">\n\t\t\t\t\t<div class=\"e-con-inner\">\n\t\t\t\t<div class=\"elementor-element elementor-element-07af37e elementor-widget elementor-widget-text-editor\" data-id=\"07af37e\" data-element_type=\"widget\" data-e-type=\"widget\" data-widget_type=\"text-editor.default\">\n\t\t\t\t<div class=\"elementor-widget-container\">\n\t\t\t\t\t\t\t\t\t<p>Una amplia gama de accesorios, tanto est\u00e1ndar como espec\u00edficos para cada proyecto, permiten colocar las instalaciones seg\u00fan los requisitos del dise\u00f1ador sin tener que comprometer la seguridad de la instalaci\u00f3n ni el dise\u00f1o del tejado.\u00a0<\/p>\t\t\t\t\t\t\t\t<\/div>\n\t\t\t\t<\/div>\n\t\t\t\t\t<\/div>\n\t\t\t\t<\/div>\n\t\t\t\t<\/div>","protected":false},"excerpt":{"rendered":"<p>Prodotti Di seguito sono elencate le categorie dei nostri prodotti Il fissaggio di sovrastrutture sulle coperture di edifici, rappresenta un\u2019importante sfida nel mondo delle costruzioni sia civili che industriali. Il progettista si trova a dover affrontare i seguenti aspetti, in considerazione del fatto che \u00e8 obbligato\u00a0 al rispetto delle disposizioni di legge, in Italia : [&hellip;]<\/p>\n","protected":false},"author":1,"featured_media":0,"parent":0,"menu_order":0,"comment_status":"closed","ping_status":"closed","template":"","meta":{"footnotes":""},"class_list":["post-61","page","type-page","status-publish","hentry"],"_links":{"self":[{"href":"https:\/\/www.proroofsrl.com\/es\/wp-json\/wp\/v2\/pages\/61","targetHints":{"allow":["GET"]}}],"collection":[{"href":"https:\/\/www.proroofsrl.com\/es\/wp-json\/wp\/v2\/pages"}],"about":[{"href":"https:\/\/www.proroofsrl.com\/es\/wp-json\/wp\/v2\/types\/page"}],"author":[{"embeddable":true,"href":"https:\/\/www.proroofsrl.com\/es\/wp-json\/wp\/v2\/users\/1"}],"replies":[{"embeddable":true,"href":"https:\/\/www.proroofsrl.com\/es\/wp-json\/wp\/v2\/comments?post=61"}],"version-history":[{"count":80,"href":"https:\/\/www.proroofsrl.com\/es\/wp-json\/wp\/v2\/pages\/61\/revisions"}],"predecessor-version":[{"id":760,"href":"https:\/\/www.proroofsrl.com\/es\/wp-json\/wp\/v2\/pages\/61\/revisions\/760"}],"wp:attachment":[{"href":"https:\/\/www.proroofsrl.com\/es\/wp-json\/wp\/v2\/media?parent=61"}],"curies":[{"name":"wp","href":"https:\/\/api.w.org\/{rel}","templated":true}]}}