{"id":421,"date":"2024-11-17T11:29:29","date_gmt":"2024-11-17T10:29:29","guid":{"rendered":"https:\/\/www.proroofsrl.com\/?page_id=421"},"modified":"2024-11-17T11:54:38","modified_gmt":"2024-11-17T10:54:38","slug":"fastenergrip-pv-pro","status":"publish","type":"page","link":"https:\/\/www.proroofsrl.com\/es\/fastenergrip-pv-pro\/","title":{"rendered":"FastEnerGrip PV PRO"},"content":{"rendered":"<div data-elementor-type=\"wp-page\" data-elementor-id=\"421\" class=\"elementor elementor-421\" data-elementor-post-type=\"page\">\n\t\t\t\t<div class=\"elementor-element elementor-element-undefined-946b46b e-flex e-con-boxed e-con e-parent\" data-id=\"undefined-946b46b\" data-element_type=\"container\" data-e-type=\"container\" data-settings=\"{&quot;shape_divider_top&quot;:&quot;opacity-tilt&quot;}\">\n\t\t\t\t\t<div class=\"e-con-inner\">\n\t\t\t\t<div class=\"elementor-shape elementor-shape-top\" aria-hidden=\"true\" data-negative=\"false\">\n\t\t\t<svg xmlns=\"http:\/\/www.w3.org\/2000\/svg\" viewbox=\"0 0 2600 131.1\" preserveaspectratio=\"none\">\n\t<path class=\"elementor-shape-fill\" d=\"M0 0L2600 0 2600 69.1 0 0z\"\/>\n\t<path class=\"elementor-shape-fill\" style=\"opacity:0.5\" d=\"M0 0L2600 0 2600 69.1 0 69.1z\"\/>\n\t<path class=\"elementor-shape-fill\" style=\"opacity:0.25\" d=\"M2600 0L0 0 0 130.1 2600 69.1z\"\/>\n<\/svg>\t\t<\/div>\n\t\t\t\t\t<\/div>\n\t\t\t\t<\/div>\n\t\t<div class=\"elementor-element elementor-element-4bdd2c62 e-con-full e-flex e-con e-parent\" data-id=\"4bdd2c62\" data-element_type=\"container\" data-e-type=\"container\" data-settings=\"{&quot;background_background&quot;:&quot;classic&quot;}\">\n\t\t\t\t<div class=\"elementor-element elementor-element-61602f5 elementor-widget elementor-widget-gallery\" data-id=\"61602f5\" data-element_type=\"widget\" data-e-type=\"widget\" data-settings=\"{&quot;columns&quot;:1,&quot;gap&quot;:{&quot;unit&quot;:&quot;px&quot;,&quot;size&quot;:0,&quot;sizes&quot;:[]},&quot;aspect_ratio&quot;:&quot;4:3&quot;,&quot;lazyload&quot;:&quot;yes&quot;,&quot;gallery_layout&quot;:&quot;grid&quot;,&quot;columns_tablet&quot;:2,&quot;columns_mobile&quot;:1,&quot;gap_tablet&quot;:{&quot;unit&quot;:&quot;px&quot;,&quot;size&quot;:10,&quot;sizes&quot;:[]},&quot;gap_mobile&quot;:{&quot;unit&quot;:&quot;px&quot;,&quot;size&quot;:10,&quot;sizes&quot;:[]},&quot;link_to&quot;:&quot;file&quot;}\" data-widget_type=\"gallery.default\">\n\t\t\t\t<div class=\"elementor-widget-container\">\n\t\t\t\t\t\t\t<div class=\"elementor-gallery__container\">\n\t\t\t\t\t\t\t<a class=\"e-gallery-item elementor-gallery-item\" href=\"https:\/\/www.proroofsrl.com\/wp-content\/uploads\/2024\/11\/Schermata-2022-12-06-alle-19.17.31.jpg\" data-elementor-open-lightbox=\"yes\" data-elementor-lightbox-slideshow=\"61602f5\" data-elementor-lightbox-title=\"Schermata 2022-12-06 alle 19.17.31\" data-e-action-hash=\"#elementor-action%3Aaction%3Dlightbox%26settings%3DeyJpZCI6MzU0LCJ1cmwiOiJodHRwczpcL1wvd3d3LnByb3Jvb2ZzcmwuY29tXC93cC1jb250ZW50XC91cGxvYWRzXC8yMDI0XC8xMVwvU2NoZXJtYXRhLTIwMjItMTItMDYtYWxsZS0xOS4xNy4zMS5qcGciLCJzbGlkZXNob3ciOiI2MTYwMmY1In0%3D\">\n\t\t\t\t\t<div class=\"e-gallery-image elementor-gallery-item__image\" data-thumbnail=\"https:\/\/www.proroofsrl.com\/wp-content\/uploads\/2024\/11\/Schermata-2022-12-06-alle-19.17.31-768x768.jpg\" data-width=\"768\" data-height=\"768\" aria-label=\"\" role=\"img\" ><\/div>\n\t\t\t\t\t\t\t\t\t\t\t\t\t\t<\/a>\n\t\t\t\t\t<\/div>\n\t\t\t\t\t<\/div>\n\t\t\t\t<\/div>\n\t\t<div class=\"elementor-element elementor-element-1511e5aa e-con-full e-flex e-con e-child\" data-id=\"1511e5aa\" data-element_type=\"container\" data-e-type=\"container\">\n\t\t\t\t<div class=\"elementor-element elementor-element-4a42672f elementor-widget elementor-widget-heading\" data-id=\"4a42672f\" data-element_type=\"widget\" data-e-type=\"widget\" data-widget_type=\"heading.default\">\n\t\t\t\t<div class=\"elementor-widget-container\">\n\t\t\t\t\t<h2 class=\"elementor-heading-title elementor-size-default\">FastEnerGrip PV PRO<\/h2>\t\t\t\t<\/div>\n\t\t\t\t<\/div>\n\t\t\t\t<div class=\"elementor-element elementor-element-23d5c1b7 elementor-widget elementor-widget-text-editor\" data-id=\"23d5c1b7\" data-element_type=\"widget\" data-e-type=\"widget\" data-widget_type=\"text-editor.default\">\n\t\t\t\t<div class=\"elementor-widget-container\">\n\t\t\t\t\t\t\t\t\t<p>FASTENERGRIP PV-PRO soportes para paneles fotovoltaicos en aluminio ANTICORODAL, un producto dise\u00f1ado de conformidad con el Decreto Ministerial de 17 de enero de 2018 (actualizaci\u00f3n de las Normas T\u00e9cnicas para Construcciones Cap. 7.2.4) publicado en el Bolet\u00edn Oficial de la Rep\u00fablica . El sistema FastEnerGrip PV-PRO se suministra con un soporte de 150 mm de longitud para paneles fotovoltaicos y clips centrados y terminales para la fijaci\u00f3n de los paneles.<\/p>\t\t\t\t\t\t\t\t<\/div>\n\t\t\t\t<\/div>\n\t\t\t\t<div class=\"elementor-element elementor-element-3930fbb0 elementor-align-left elementor-tablet-align-center elementor-widget elementor-widget-button\" data-id=\"3930fbb0\" data-element_type=\"widget\" data-e-type=\"widget\" data-widget_type=\"button.default\">\n\t\t\t\t<div class=\"elementor-widget-container\">\n\t\t\t\t\t\t\t\t\t<div class=\"elementor-button-wrapper\">\n\t\t\t\t\t<a class=\"elementor-button elementor-button-link elementor-size-sm elementor-animation-grow\" href=\"https:\/\/www.proroofsrl.com\/es\/contactos\/\">\n\t\t\t\t\t\t<span class=\"elementor-button-content-wrapper\">\n\t\t\t\t\t\t\t\t\t<span class=\"elementor-button-text\">P\u00f3ngase en contacto con nosotros<\/span>\n\t\t\t\t\t<\/span>\n\t\t\t\t\t<\/a>\n\t\t\t\t<\/div>\n\t\t\t\t\t\t\t\t<\/div>\n\t\t\t\t<\/div>\n\t\t\t\t<\/div>\n\t\t\t\t<\/div>\n\t\t\t\t<\/div>","protected":false},"excerpt":{"rendered":"<p>FastEnerGrip PV PRO FASTENERGRIP PV-PRO supporti per fotovoltaico in alluminio ANTICORODAL, prodotto progettato in conformit\u00e0 al D.M. del 17 gennaio 2018 (aggiornamento delle Norme Tecniche per le Costruzioni Cap. 7.2.4) pubblicato nella gazzetta ufficiale della Repubblica . Il sistema FastEnerGrip PV-PRO viene fornito con supporto d\u2019appoggio per i pannelli fotovoltaici della lunghezza di 150 mm [&hellip;]<\/p>\n","protected":false},"author":1,"featured_media":0,"parent":0,"menu_order":0,"comment_status":"closed","ping_status":"closed","template":"","meta":{"footnotes":""},"class_list":["post-421","page","type-page","status-publish","hentry"],"_links":{"self":[{"href":"https:\/\/www.proroofsrl.com\/es\/wp-json\/wp\/v2\/pages\/421","targetHints":{"allow":["GET"]}}],"collection":[{"href":"https:\/\/www.proroofsrl.com\/es\/wp-json\/wp\/v2\/pages"}],"about":[{"href":"https:\/\/www.proroofsrl.com\/es\/wp-json\/wp\/v2\/types\/page"}],"author":[{"embeddable":true,"href":"https:\/\/www.proroofsrl.com\/es\/wp-json\/wp\/v2\/users\/1"}],"replies":[{"embeddable":true,"href":"https:\/\/www.proroofsrl.com\/es\/wp-json\/wp\/v2\/comments?post=421"}],"version-history":[{"count":10,"href":"https:\/\/www.proroofsrl.com\/es\/wp-json\/wp\/v2\/pages\/421\/revisions"}],"predecessor-version":[{"id":485,"href":"https:\/\/www.proroofsrl.com\/es\/wp-json\/wp\/v2\/pages\/421\/revisions\/485"}],"wp:attachment":[{"href":"https:\/\/www.proroofsrl.com\/es\/wp-json\/wp\/v2\/media?parent=421"}],"curies":[{"name":"wp","href":"https:\/\/api.w.org\/{rel}","templated":true}]}}