{"id":416,"date":"2024-11-17T11:27:19","date_gmt":"2024-11-17T10:27:19","guid":{"rendered":"https:\/\/www.proroofsrl.com\/?page_id=416"},"modified":"2024-11-17T11:54:33","modified_gmt":"2024-11-17T10:54:33","slug":"fastenergrip-pv-lt","status":"publish","type":"page","link":"https:\/\/www.proroofsrl.com\/es\/fastenergrip-pv-lt\/","title":{"rendered":"FastEnerGrip PV LT"},"content":{"rendered":"<div data-elementor-type=\"wp-page\" data-elementor-id=\"416\" class=\"elementor elementor-416\" data-elementor-post-type=\"page\">\n\t\t\t\t<div class=\"elementor-element elementor-element-undefined-946b46b e-flex e-con-boxed e-con e-parent\" data-id=\"undefined-946b46b\" data-element_type=\"container\" data-e-type=\"container\" data-settings=\"{&quot;shape_divider_top&quot;:&quot;opacity-tilt&quot;}\">\n\t\t\t\t\t<div class=\"e-con-inner\">\n\t\t\t\t<div class=\"elementor-shape elementor-shape-top\" aria-hidden=\"true\" data-negative=\"false\">\n\t\t\t<svg xmlns=\"http:\/\/www.w3.org\/2000\/svg\" viewbox=\"0 0 2600 131.1\" preserveaspectratio=\"none\">\n\t<path class=\"elementor-shape-fill\" d=\"M0 0L2600 0 2600 69.1 0 0z\"\/>\n\t<path class=\"elementor-shape-fill\" style=\"opacity:0.5\" d=\"M0 0L2600 0 2600 69.1 0 69.1z\"\/>\n\t<path class=\"elementor-shape-fill\" style=\"opacity:0.25\" d=\"M2600 0L0 0 0 130.1 2600 69.1z\"\/>\n<\/svg>\t\t<\/div>\n\t\t\t\t\t<\/div>\n\t\t\t\t<\/div>\n\t\t<div class=\"elementor-element elementor-element-4bdd2c62 e-con-full e-flex e-con e-parent\" data-id=\"4bdd2c62\" data-element_type=\"container\" data-e-type=\"container\" data-settings=\"{&quot;background_background&quot;:&quot;classic&quot;}\">\n\t\t\t\t<div class=\"elementor-element elementor-element-61602f5 elementor-widget elementor-widget-gallery\" data-id=\"61602f5\" data-element_type=\"widget\" data-e-type=\"widget\" data-settings=\"{&quot;columns&quot;:2,&quot;gallery_layout&quot;:&quot;masonry&quot;,&quot;gap&quot;:{&quot;unit&quot;:&quot;px&quot;,&quot;size&quot;:0,&quot;sizes&quot;:[]},&quot;lazyload&quot;:&quot;yes&quot;,&quot;columns_tablet&quot;:2,&quot;columns_mobile&quot;:1,&quot;gap_tablet&quot;:{&quot;unit&quot;:&quot;px&quot;,&quot;size&quot;:10,&quot;sizes&quot;:[]},&quot;gap_mobile&quot;:{&quot;unit&quot;:&quot;px&quot;,&quot;size&quot;:10,&quot;sizes&quot;:[]},&quot;link_to&quot;:&quot;file&quot;}\" data-widget_type=\"gallery.default\">\n\t\t\t\t<div class=\"elementor-widget-container\">\n\t\t\t\t\t\t\t<div class=\"elementor-gallery__container\">\n\t\t\t\t\t\t\t<a class=\"e-gallery-item elementor-gallery-item\" href=\"https:\/\/www.proroofsrl.com\/wp-content\/uploads\/2024\/11\/FastEnerGrip-PV-LT-fronte-.png\" data-elementor-open-lightbox=\"yes\" data-elementor-lightbox-slideshow=\"61602f5\" data-elementor-lightbox-title=\"FastEnerGrip PV- LT fronte\" data-e-action-hash=\"#elementor-action%3Aaction%3Dlightbox%26settings%3DeyJpZCI6MzU5LCJ1cmwiOiJodHRwczpcL1wvd3d3LnByb3Jvb2ZzcmwuY29tXC93cC1jb250ZW50XC91cGxvYWRzXC8yMDI0XC8xMVwvRmFzdEVuZXJHcmlwLVBWLUxULWZyb250ZS0ucG5nIiwic2xpZGVzaG93IjoiNjE2MDJmNSJ9\">\n\t\t\t\t\t<div class=\"e-gallery-image elementor-gallery-item__image\" data-thumbnail=\"https:\/\/www.proroofsrl.com\/wp-content\/uploads\/2024\/11\/FastEnerGrip-PV-LT-fronte--768x489.png\" data-width=\"768\" data-height=\"489\" aria-label=\"\" role=\"img\" ><\/div>\n\t\t\t\t\t\t\t\t\t\t\t\t\t\t<\/a>\n\t\t\t\t\t\t\t<a class=\"e-gallery-item elementor-gallery-item\" href=\"https:\/\/www.proroofsrl.com\/wp-content\/uploads\/2024\/11\/FastEnergrip-PV-LT-retro-.png\" data-elementor-open-lightbox=\"yes\" data-elementor-lightbox-slideshow=\"61602f5\" data-elementor-lightbox-title=\"FastEnergrip PV LT retro\" data-e-action-hash=\"#elementor-action%3Aaction%3Dlightbox%26settings%3DeyJpZCI6MzYwLCJ1cmwiOiJodHRwczpcL1wvd3d3LnByb3Jvb2ZzcmwuY29tXC93cC1jb250ZW50XC91cGxvYWRzXC8yMDI0XC8xMVwvRmFzdEVuZXJncmlwLVBWLUxULXJldHJvLS5wbmciLCJzbGlkZXNob3ciOiI2MTYwMmY1In0%3D\">\n\t\t\t\t\t<div class=\"e-gallery-image elementor-gallery-item__image\" data-thumbnail=\"https:\/\/www.proroofsrl.com\/wp-content\/uploads\/2024\/11\/FastEnergrip-PV-LT-retro--768x768.png\" data-width=\"768\" data-height=\"768\" aria-label=\"\" role=\"img\" ><\/div>\n\t\t\t\t\t\t\t\t\t\t\t\t\t\t<\/a>\n\t\t\t\t\t<\/div>\n\t\t\t\t\t<\/div>\n\t\t\t\t<\/div>\n\t\t<div class=\"elementor-element elementor-element-1511e5aa e-con-full e-flex e-con e-child\" data-id=\"1511e5aa\" data-element_type=\"container\" data-e-type=\"container\">\n\t\t\t\t<div class=\"elementor-element elementor-element-4a42672f elementor-widget elementor-widget-heading\" data-id=\"4a42672f\" data-element_type=\"widget\" data-e-type=\"widget\" data-widget_type=\"heading.default\">\n\t\t\t\t<div class=\"elementor-widget-container\">\n\t\t\t\t\t<h2 class=\"elementor-heading-title elementor-size-default\">FastEnerGrip PV LT<\/h2>\t\t\t\t<\/div>\n\t\t\t\t<\/div>\n\t\t\t\t<div class=\"elementor-element elementor-element-23d5c1b7 elementor-widget elementor-widget-text-editor\" data-id=\"23d5c1b7\" data-element_type=\"widget\" data-e-type=\"widget\" data-widget_type=\"text-editor.default\">\n\t\t\t\t<div class=\"elementor-widget-container\">\n\t\t\t\t\t\t\t\t\t<p>Soportes fotovoltaicos FastEnerGrip PV- LT de aluminio ANTICORODAL, producto dise\u00f1ado de conformidad con el Decreto Ministerial de 17 de enero de 2018 (actualizaci\u00f3n de las Normas T\u00e9cnicas de la Construcci\u00f3n Cap. 7.2.4) publicado en el Bolet\u00edn Oficial de la Rep\u00fablica . El sistema FastEnerGrip PV- LT se suministra :- placa de distribuci\u00f3n de aluminio 89 x 10 mm;<\/p><ul><li>Pasador roscado de 10 mm de di\u00e1metro (para anclar superestructuras);<\/li><li>Disco de membrana sint\u00e9tica TPO\/FPO blanco;<\/li><li>Placa de contraste con pasola de bayoneta<\/li><li>resistencia a la tracci\u00f3n 2,5 kN<\/li><li>resistencia al corte 2,0 kN<\/li><\/ul>\t\t\t\t\t\t\t\t<\/div>\n\t\t\t\t<\/div>\n\t\t\t\t<div class=\"elementor-element elementor-element-3930fbb0 elementor-align-left elementor-tablet-align-center elementor-widget elementor-widget-button\" data-id=\"3930fbb0\" data-element_type=\"widget\" data-e-type=\"widget\" data-widget_type=\"button.default\">\n\t\t\t\t<div class=\"elementor-widget-container\">\n\t\t\t\t\t\t\t\t\t<div class=\"elementor-button-wrapper\">\n\t\t\t\t\t<a class=\"elementor-button elementor-button-link elementor-size-sm elementor-animation-grow\" href=\"https:\/\/www.proroofsrl.com\/es\/contactos\/\">\n\t\t\t\t\t\t<span class=\"elementor-button-content-wrapper\">\n\t\t\t\t\t\t\t\t\t<span class=\"elementor-button-text\">P\u00f3ngase en contacto con nosotros<\/span>\n\t\t\t\t\t<\/span>\n\t\t\t\t\t<\/a>\n\t\t\t\t<\/div>\n\t\t\t\t\t\t\t\t<\/div>\n\t\t\t\t<\/div>\n\t\t\t\t<\/div>\n\t\t\t\t<\/div>\n\t\t\t\t<\/div>","protected":false},"excerpt":{"rendered":"<p>FastEnerGrip PV LT FastEnerGrip PV- LT supporti per fotovoltaico in alluminio ANTICORODAL, prodotto progettato in conformit\u00e0 al D.M. del 17 gennaio 2018 (aggiornamento delle Norme Tecniche per le Costruzioni Cap. 7.2.4) pubblicato nella gazzetta ufficiale della Republica . Il sistema FastEnerGrip PV- LT viene fornito :\u2022 piastra di ripartizione in alluminio 89 x 10 mm; [&hellip;]<\/p>\n","protected":false},"author":1,"featured_media":0,"parent":0,"menu_order":0,"comment_status":"closed","ping_status":"closed","template":"","meta":{"footnotes":""},"class_list":["post-416","page","type-page","status-publish","hentry"],"_links":{"self":[{"href":"https:\/\/www.proroofsrl.com\/es\/wp-json\/wp\/v2\/pages\/416","targetHints":{"allow":["GET"]}}],"collection":[{"href":"https:\/\/www.proroofsrl.com\/es\/wp-json\/wp\/v2\/pages"}],"about":[{"href":"https:\/\/www.proroofsrl.com\/es\/wp-json\/wp\/v2\/types\/page"}],"author":[{"embeddable":true,"href":"https:\/\/www.proroofsrl.com\/es\/wp-json\/wp\/v2\/users\/1"}],"replies":[{"embeddable":true,"href":"https:\/\/www.proroofsrl.com\/es\/wp-json\/wp\/v2\/comments?post=416"}],"version-history":[{"count":7,"href":"https:\/\/www.proroofsrl.com\/es\/wp-json\/wp\/v2\/pages\/416\/revisions"}],"predecessor-version":[{"id":482,"href":"https:\/\/www.proroofsrl.com\/es\/wp-json\/wp\/v2\/pages\/416\/revisions\/482"}],"wp:attachment":[{"href":"https:\/\/www.proroofsrl.com\/es\/wp-json\/wp\/v2\/media?parent=416"}],"curies":[{"name":"wp","href":"https:\/\/api.w.org\/{rel}","templated":true}]}}