{"id":646,"date":"2025-02-09T11:18:23","date_gmt":"2025-02-09T10:18:23","guid":{"rendered":"https:\/\/www.proroofsrl.com\/?page_id=646"},"modified":"2025-07-20T19:48:01","modified_gmt":"2025-07-20T17:48:01","slug":"pull-out-tests","status":"publish","type":"page","link":"https:\/\/www.proroofsrl.com\/en\/prove-di-pull-out\/","title":{"rendered":"Pull-out tests"},"content":{"rendered":"\t\t<div data-elementor-type=\"wp-page\" data-elementor-id=\"646\" class=\"elementor elementor-646\" data-elementor-post-type=\"page\">\n\t\t\t\t<div class=\"elementor-element elementor-element-undefined-946b46b e-flex e-con-boxed e-con e-parent\" data-id=\"undefined-946b46b\" data-element_type=\"container\" data-e-type=\"container\" data-settings=\"{&quot;shape_divider_top&quot;:&quot;opacity-tilt&quot;}\">\n\t\t\t\t\t<div class=\"e-con-inner\">\n\t\t\t\t<div class=\"elementor-shape elementor-shape-top\" aria-hidden=\"true\" data-negative=\"false\">\n\t\t\t<svg xmlns=\"http:\/\/www.w3.org\/2000\/svg\" viewBox=\"0 0 2600 131.1\" preserveAspectRatio=\"none\">\n\t<path class=\"elementor-shape-fill\" d=\"M0 0L2600 0 2600 69.1 0 0z\"\/>\n\t<path class=\"elementor-shape-fill\" style=\"opacity:0.5\" d=\"M0 0L2600 0 2600 69.1 0 69.1z\"\/>\n\t<path class=\"elementor-shape-fill\" style=\"opacity:0.25\" d=\"M2600 0L0 0 0 130.1 2600 69.1z\"\/>\n<\/svg>\t\t<\/div>\n\t\t<div class=\"elementor-element elementor-element-undefined-2ab98cf e-con-full e-flex e-con e-child\" data-id=\"undefined-2ab98cf\" data-element_type=\"container\" data-e-type=\"container\">\n\t\t\t\t<div class=\"elementor-element elementor-element-undefined-7347973 elementor-widget elementor-widget-heading\" data-id=\"undefined-7347973\" data-element_type=\"widget\" data-e-type=\"widget\" data-widget_type=\"heading.default\">\n\t\t\t\t<div class=\"elementor-widget-container\">\n\t\t\t\t\t<h2 class=\"elementor-heading-title elementor-size-default\">Prove di pull-out<\/h2>\t\t\t\t<\/div>\n\t\t\t\t<\/div>\n\t\t\t\t<div class=\"elementor-element elementor-element-3ab5c0a elementor--h-position-center elementor--v-position-middle elementor-arrows-position-inside elementor-pagination-position-inside elementor-widget elementor-widget-slides\" data-id=\"3ab5c0a\" data-element_type=\"widget\" data-e-type=\"widget\" data-settings=\"{&quot;navigation&quot;:&quot;both&quot;,&quot;autoplay&quot;:&quot;yes&quot;,&quot;pause_on_hover&quot;:&quot;yes&quot;,&quot;pause_on_interaction&quot;:&quot;yes&quot;,&quot;autoplay_speed&quot;:5000,&quot;infinite&quot;:&quot;yes&quot;,&quot;transition&quot;:&quot;slide&quot;,&quot;transition_speed&quot;:500}\" data-widget_type=\"slides.default\">\n\t\t\t\t<div class=\"elementor-widget-container\">\n\t\t\t\t\t\t\t\t\t<div class=\"elementor-swiper\">\n\t\t\t\t\t<div class=\"elementor-slides-wrapper elementor-main-swiper swiper\" role=\"region\" aria-roledescription=\"carousel\" aria-label=\"Slides\" dir=\"ltr\" data-animation=\"fadeInUp\">\n\t\t\t\t<div class=\"swiper-wrapper elementor-slides\">\n\t\t\t\t\t\t\t\t\t\t<div class=\"elementor-repeater-item-9ceea52 swiper-slide\" role=\"group\" aria-roledescription=\"slide\"><div class=\"swiper-slide-bg elementor-ken-burns elementor-ken-burns--in\" role=\"img\" aria-label=\"Immagine WhatsApp 2025-07-20 ore 18.59.01_25eca6df\"><\/div><div class=\"swiper-slide-inner\" ><div class=\"swiper-slide-contents\"><\/div><\/div><\/div>\t\t\t\t<\/div>\n\t\t\t\t\t\t\t<\/div>\n\t\t\t\t<\/div>\n\t\t\t\t\t\t\t\t<\/div>\n\t\t\t\t<\/div>\n\t\t\t\t<\/div>\n\t\t<div class=\"elementor-element elementor-element-4e4c999 e-con-full e-flex e-con e-child\" data-id=\"4e4c999\" data-element_type=\"container\" data-e-type=\"container\">\n\t\t\t\t<div class=\"elementor-element elementor-element-8d33931 elementor-widget elementor-widget-heading\" data-id=\"8d33931\" data-element_type=\"widget\" data-e-type=\"widget\" data-widget_type=\"heading.default\">\n\t\t\t\t<div class=\"elementor-widget-container\">\n\t\t\t\t\t<h1 class=\"elementor-heading-title elementor-size-default\">Servizio di verifica dei sistemi di fissaggio<\/h1>\t\t\t\t<\/div>\n\t\t\t\t<\/div>\n\t\t\t\t<\/div>\n\t\t<div class=\"elementor-element elementor-element-0091b69 e-con-full e-flex e-con e-child\" data-id=\"0091b69\" data-element_type=\"container\" data-e-type=\"container\">\n\t\t\t\t<div class=\"elementor-element elementor-element-9da6010 elementor-widget elementor-widget-text-editor\" data-id=\"9da6010\" data-element_type=\"widget\" data-e-type=\"widget\" data-widget_type=\"text-editor.default\">\n\t\t\t\t<div class=\"elementor-widget-container\">\n\t\t\t\t\t\t\t\t\t<p>Controllo tecnico a supporto della progettazione e della sicurezza delle impermeabilizzazioni fissate meccanicamente<\/p><p><strong>Il servizio offerto<\/strong><\/p><p>Proroof offre ai propri clienti un servizio completo di prove di pull out, ovvero la verifica della resistenza a trazione dei sistemi di fissaggio impiegati nelle impermeabilizzazioni meccanicamente ancorate. Si tratta di una fase fondamentale nella progettazione tecnica di coperture e opere impermeabili.<\/p><p><strong>Perch\u00e9 \u00e8 fondamentale<\/strong><\/p><ul><li>Verifica la conformit\u00e0 alle normative vigenti<\/li><li>Determina i carichi sopportabili dal piano di posa e dai fissaggi<\/li><li>Garantisce la sicurezza e la durabilit\u00e0 dell\u2019intervento<\/li><li>Supporta la progettazione con dati tecnici certi<\/li><li>Aiuta a prevenire cedimenti e danni dovuti a eventi climatici estremi<\/li><\/ul><p>\u00a0<\/p><p><strong>Come funziona la prova di pull out<\/strong><\/p><p>Il test consiste nell\u2019applicazione progressiva di una forza di trazione sul fissaggio inserito nel supporto. Si misura la resistenza massima prima della rottura o del distacco. I risultati vengono elaborati in un report tecnico che indica i valori di carico ammissibile.<\/p><p><strong>Normativa di riferimento<\/strong><\/p><p>Le prove vengono eseguite in conformit\u00e0 alle normative europee e alle linee guida ETAG e EAD, nonch\u00e9 secondo le prescrizioni dei produttori di sistemi di fissaggio e manti impermeabili.<\/p><p><strong>Progettare con dati certi<\/strong><\/p><p>Alla luce dei cambiamenti climatici e dell\u2019aumento di eventi atmosferici estremi, progettare con margini di sicurezza adeguati \u00e8 oggi una necessit\u00e0. Affidarsi a prove tecniche eseguite in cantiere permette di costruire con responsabilit\u00e0 e lungimiranza.<\/p>\t\t\t\t\t\t\t\t<\/div>\n\t\t\t\t<\/div>\n\t\t\t\t<\/div>\n\t\t<div class=\"elementor-element elementor-element-1606c28 e-con-full e-flex e-con e-child\" data-id=\"1606c28\" data-element_type=\"container\" data-e-type=\"container\">\n\t\t\t\t<div class=\"elementor-element elementor-element-b61fd2b elementor-widget__width-inherit elementor-widget elementor-widget-heading\" data-id=\"b61fd2b\" data-element_type=\"widget\" data-e-type=\"widget\" data-widget_type=\"heading.default\">\n\t\t\t\t<div class=\"elementor-widget-container\">\n\t\t\t\t\t<h2 class=\"elementor-heading-title elementor-size-default\">Referenze<\/h2>\t\t\t\t<\/div>\n\t\t\t\t<\/div>\n\t\t\t\t<div class=\"elementor-element elementor-element-402526e elementor-widget elementor-widget-text-editor\" data-id=\"402526e\" data-element_type=\"widget\" data-e-type=\"widget\" data-widget_type=\"text-editor.default\">\n\t\t\t\t<div class=\"elementor-widget-container\">\n\t\t\t\t\t\t\t\t\t<p>Con la presente, desideriamo confermare l\u2019efficacia e l\u2019apprezzamento ottenuti dal sistema di fissaggio FastEnerGrip, un prodotto che rappresenta un&#8217;importante innovazione tecnologica nel campo dei fissaggi per coperture impermeabili.<br \/>\u2028\u2028Il sistema FastEnerGrip PV-TPO\/PVC, dal peso contenuto di soli 600 grammi, \u00e8 stato progettato per garantire prestazioni meccaniche elevate e affidabilit\u00e0 nel tempo. La sua versatilit\u00e0 lo rende idoneo all\u2019applicazione su coperture a bassa portanza cos\u00ec come su coperture standard, sia in ambito civile che industriale e militare.<br \/>Le peculiari caratteristiche tecniche e prestazionali del sistema FastEnerGrip hanno consentito al prodotto di essere scelto da primarie realt\u00e0 nazionali e internazionali, a testimonianza della sua qualit\u00e0 e affidabilit\u00e0.\u2028<\/p><p><strong>Aziende che hanno usufruito dei nostri servizi<\/strong><\/p><p>&#8211; Gemmo SpA [Logo Gemmo SpA]<\/p><p>&#8211; General Dynamics \u2013 Base di Sigonella [Logo General Dynamics \u2013 Base di Sigonella]<\/p><p>&#8211; Ravano Power [Logo Ravano Power]<\/p><p>&#8211; Papelera San Andr\u00e9s de Giles [Logo Papelera San Andr\u00e9s de Giles]<\/p><p>&#8211; Rotocart [Logo Rotocart]<\/p><p>&#8211; Universit\u00e0 degli Studi di Catania [Logo Universit\u00e0 degli Studi di Catania]<\/p><p>&#8211; Rivoira [Logo Rivoira]<\/p><p>&#8211; STMicroelectronics [Logo STMicroelectronics]<\/p><p>&#8211; Panealba [Logo Panealba]<\/p><p>&#8211; Oikos SpA [Logo Oikos SpA]<\/p><p>&#8211; ENAV [Logo ENAV]<\/p><p>&#8211; Santex [Logo Santex]<\/p><p>&#8211; Max\u00ecdd [Logo Max\u00ecdd]<\/p><p>&#8211; Caronte &amp; Tourist [Logo Caronte &amp; Tourist]<\/p><p>&#8211; Istituto Nazionale di Vulcanologia [Logo Istituto Nazionale di Vulcanologia]<\/p><p>&#8211; ECC Srl [Logo ECC Srl]<\/p><p>&#8211; Pregel [Logo Pregel]<\/p><p>&#8211; System Ceramics [Logo System Ceramics]<\/p><p>&#8211; F.lli Ruata [Logo F.lli Ruata]<\/p><p>&#8211; BBGS Srl [Logo BBGS Srl]<\/p><p>&#8211; Compagnia Dolciaria Tomarchio [Logo Compagnia Dolciaria Tomarchio]<\/p><p>&#8211; Porto Turistico di Jesolo [Logo Porto Turistico di Jesolo]<\/p><p>&#8211; Stano SpA [Logo Stano SpA]<\/p><p>&#8211; Energia Italia [Logo Energia Italia]<\/p><p>&#8211; Cimberio SpA [Logo Cimberio SpA]<\/p><p>&#8211; Infisud Srl [Logo Infisud Srl]<\/p><p>&#8211; Biesse [Logo Biesse]<\/p><p>&#8211; Sibeg [Logo Sibeg]<\/p><p>&#8211; Olimac [Logo Olimac]<\/p><p>&#8211; Olympus Romania [Logo Olympus Romania]<\/p><p>&#8211; Prologis [Logo Prologis]<\/p><p>&#8211; Sterilgarda [Logo Sterilgarda]<\/p><p>&#8211; Barilla [Logo Barilla]<\/p><p>&#8211; Pirelli [Logo Pirelli]<\/p><p>&#8211; Gruppo Italiano Vini [Logo Gruppo Italiano Vini]<\/p><p>&#8211; Casappa [Logo Casappa]<\/p><p>&#8211; Fapim [Logo Fapim]<\/p><p>&#8211; Tosano Supermercati [Logo Tosano Supermercati]<\/p><p>&#8211; Collis \u2013 Acqua Eva [Logo Collis \u2013 Acqua Eva]<\/p><p>&#8211; Sicilia Outlet Village [Logo Sicilia Outlet Village]<\/p>\t\t\t\t\t\t\t\t<\/div>\n\t\t\t\t<\/div>\n\t\t\t\t<\/div>\n\t\t\t\t\t<\/div>\n\t\t\t\t<\/div>\n\t\t<div class=\"elementor-element elementor-element-107115e e-flex e-con-boxed e-con e-parent\" data-id=\"107115e\" data-element_type=\"container\" data-e-type=\"container\">\n\t\t\t\t\t<div class=\"e-con-inner\">\n\t\t\t\t\t<\/div>\n\t\t\t\t<\/div>\n\t\t\t\t<\/div>\n\t\t","protected":false},"excerpt":{"rendered":"<p>Prove di pull-out Servizio di verifica dei sistemi di fissaggio Controllo tecnico a supporto della progettazione e della sicurezza delle impermeabilizzazioni fissate meccanicamente Il servizio offerto Proroof offre ai propri clienti un servizio completo di prove di pull out, ovvero la verifica della resistenza a trazione dei sistemi di fissaggio impiegati nelle impermeabilizzazioni meccanicamente ancorate. [&hellip;]<\/p>\n","protected":false},"author":1,"featured_media":0,"parent":0,"menu_order":0,"comment_status":"closed","ping_status":"closed","template":"","meta":{"footnotes":""},"class_list":["post-646","page","type-page","status-publish","hentry"],"_links":{"self":[{"href":"https:\/\/www.proroofsrl.com\/en\/wp-json\/wp\/v2\/pages\/646","targetHints":{"allow":["GET"]}}],"collection":[{"href":"https:\/\/www.proroofsrl.com\/en\/wp-json\/wp\/v2\/pages"}],"about":[{"href":"https:\/\/www.proroofsrl.com\/en\/wp-json\/wp\/v2\/types\/page"}],"author":[{"embeddable":true,"href":"https:\/\/www.proroofsrl.com\/en\/wp-json\/wp\/v2\/users\/1"}],"replies":[{"embeddable":true,"href":"https:\/\/www.proroofsrl.com\/en\/wp-json\/wp\/v2\/comments?post=646"}],"version-history":[{"count":13,"href":"https:\/\/www.proroofsrl.com\/en\/wp-json\/wp\/v2\/pages\/646\/revisions"}],"predecessor-version":[{"id":790,"href":"https:\/\/www.proroofsrl.com\/en\/wp-json\/wp\/v2\/pages\/646\/revisions\/790"}],"wp:attachment":[{"href":"https:\/\/www.proroofsrl.com\/en\/wp-json\/wp\/v2\/media?parent=646"}],"curies":[{"name":"wp","href":"https:\/\/api.w.org\/{rel}","templated":true}]}}