{"id":644,"date":"2025-02-09T11:17:51","date_gmt":"2025-02-09T10:17:51","guid":{"rendered":"https:\/\/www.proroofsrl.com\/?page_id=644"},"modified":"2025-07-20T19:47:33","modified_gmt":"2025-07-20T17:47:33","slug":"entwurf","status":"publish","type":"page","link":"https:\/\/www.proroofsrl.com\/de\/progettazione\/","title":{"rendered":"Gestaltung"},"content":{"rendered":"<div data-elementor-type=\"wp-page\" data-elementor-id=\"644\" class=\"elementor elementor-644\" data-elementor-post-type=\"page\">\n\t\t\t\t<div class=\"elementor-element elementor-element-undefined-946b46b e-flex e-con-boxed e-con e-parent\" data-id=\"undefined-946b46b\" data-element_type=\"container\" data-e-type=\"container\" data-settings=\"{&quot;shape_divider_top&quot;:&quot;opacity-tilt&quot;}\">\n\t\t\t\t\t<div class=\"e-con-inner\">\n\t\t\t\t<div class=\"elementor-shape elementor-shape-top\" aria-hidden=\"true\" data-negative=\"false\">\n\t\t\t<svg xmlns=\"http:\/\/www.w3.org\/2000\/svg\" viewbox=\"0 0 2600 131.1\" preserveaspectratio=\"none\">\n\t<path class=\"elementor-shape-fill\" d=\"M0 0L2600 0 2600 69.1 0 0z\"\/>\n\t<path class=\"elementor-shape-fill\" style=\"opacity:0.5\" d=\"M0 0L2600 0 2600 69.1 0 69.1z\"\/>\n\t<path class=\"elementor-shape-fill\" style=\"opacity:0.25\" d=\"M2600 0L0 0 0 130.1 2600 69.1z\"\/>\n<\/svg>\t\t<\/div>\n\t\t<div class=\"elementor-element elementor-element-undefined-2ab98cf e-con-full e-flex e-con e-child\" data-id=\"undefined-2ab98cf\" data-element_type=\"container\" data-e-type=\"container\">\n\t\t\t\t<div class=\"elementor-element elementor-element-undefined-7347973 elementor-widget elementor-widget-heading\" data-id=\"undefined-7347973\" data-element_type=\"widget\" data-e-type=\"widget\" data-widget_type=\"heading.default\">\n\t\t\t\t<div class=\"elementor-widget-container\">\n\t\t\t\t\t<h2 class=\"elementor-heading-title elementor-size-default\">Gestaltung<\/h2>\t\t\t\t<\/div>\n\t\t\t\t<\/div>\n\t\t\t\t<div class=\"elementor-element elementor-element-8de1950 elementor--h-position-center elementor--v-position-middle elementor-arrows-position-inside elementor-pagination-position-inside elementor-widget elementor-widget-slides\" data-id=\"8de1950\" data-element_type=\"widget\" data-e-type=\"widget\" data-settings=\"{&quot;navigation&quot;:&quot;both&quot;,&quot;autoplay&quot;:&quot;yes&quot;,&quot;pause_on_hover&quot;:&quot;yes&quot;,&quot;pause_on_interaction&quot;:&quot;yes&quot;,&quot;autoplay_speed&quot;:5000,&quot;infinite&quot;:&quot;yes&quot;,&quot;transition&quot;:&quot;slide&quot;,&quot;transition_speed&quot;:500}\" data-widget_type=\"slides.default\">\n\t\t\t\t<div class=\"elementor-widget-container\">\n\t\t\t\t\t\t\t\t\t<div class=\"elementor-swiper\">\n\t\t\t\t\t<div class=\"elementor-slides-wrapper elementor-main-swiper swiper\" role=\"region\" aria-roledescription=\"carousel\" aria-label=\"Folien\" dir=\"ltr\" data-animation=\"fadeInUp\">\n\t\t\t\t<div class=\"swiper-wrapper elementor-slides\">\n\t\t\t\t\t\t\t\t\t\t<div class=\"elementor-repeater-item-9ceea52 swiper-slide\" role=\"group\" aria-roledescription=\"slide\"><div class=\"swiper-slide-bg elementor-ken-burns elementor-ken-burns--in\" role=\"img\" aria-label=\"crop-architect-opening-the-project\"><\/div><div class=\"swiper-slide-inner\" ><div class=\"swiper-slide-contents\"><\/div><\/div><\/div>\t\t\t\t<\/div>\n\t\t\t\t\t\t\t<\/div>\n\t\t\t\t<\/div>\n\t\t\t\t\t\t\t\t<\/div>\n\t\t\t\t<\/div>\n\t\t\t\t<\/div>\n\t\t<div class=\"elementor-element elementor-element-0091b69 e-con-full e-flex e-con e-child\" data-id=\"0091b69\" data-element_type=\"container\" data-e-type=\"container\">\n\t\t\t\t<div class=\"elementor-element elementor-element-9da6010 elementor-widget elementor-widget-text-editor\" data-id=\"9da6010\" data-element_type=\"widget\" data-e-type=\"widget\" data-widget_type=\"text-editor.default\">\n\t\t\t\t<div class=\"elementor-widget-container\">\n\t\t\t\t\t\t\t\t\t<p>Erfahrung, Fachwissen und Zuverl\u00e4ssigkeit im Dienste des Nachlasses<\/p><p><strong>\u00dcber uns<\/strong><\/p><p>Proroof wurde von einem Fachmann mit mehr als vierzig Jahren Erfahrung auf dem Gebiet der Abdichtungen gegr\u00fcndet und stellt heute einen Ma\u00dfstab f\u00fcr die Planung und Kontrolle von Abdichtungssystemen in jedem technischen und baulichen Kontext dar.<\/p><p><strong>Was wir tun<\/strong><\/p><p>Angebotene Dienstleistungen:<\/p><ul><li>Entwurf von ma\u00dfgeschneiderten Abdichtungssystemen<\/li><li>Auswahl der Materialien entsprechend den Betriebs- und Klimabedingungen<\/li><li>Technische Unterst\u00fctzung vor Ort<\/li><li>Kontrollen w\u00e4hrend der Ausf\u00fchrung<\/li><li>Technische und funktionale Pr\u00fcfung der installierten Systeme<\/li><\/ul><p>\u00a0<\/p><p><strong>Unsere Methode<\/strong><\/p><p>Ein integrierter Ansatz: Entwurf, Kontrolle und Pr\u00fcfung. Die wichtigsten Phasen unserer Dienstleistung sind:<\/p><ol><li>Technischer Entwurf<\/li><li>Kontrolle w\u00e4hrend des Legens<\/li><li>Abschlie\u00dfende \u00dcberpr\u00fcfung und Tests<\/li><\/ol><p>\u00a0<\/p><p><strong>Warum Proroof w\u00e4hlen<\/strong><\/p><ul><li>Ma\u00dfgeschneiderte L\u00f6sungen f\u00fcr jede Art von Versicherung<\/li><li>Verringerung der Risiken von Unterwanderung und Rechtsstreitigkeiten<\/li><li>Kontinuierliche technische Unterst\u00fctzung<\/li><li>Zertifizierungen und Einhaltung von Vorschriften<\/li><li>Zusammenarbeit mit Unternehmen, technische Studien und Projektleitung<\/li><\/ul><p>\u00a0<\/p><p><strong>Arten der installierten Abdichtungssysteme<\/strong><\/p><ul><li>Synthetische Membranen PVC-P \/ TPO \/ FPO<\/li><li>Bitumin\u00f6s hei\u00df und kalt<\/li><li>Systeme auf Fl\u00fcssigbasis (Harze, Polyharnstoffe)<\/li><li>Begr\u00fcnte, beschotterte und begehbare D\u00e4cher<\/li><li>Abdichtung von Fundamenten, Tanks und Br\u00fccken<\/li><\/ul>\t\t\t\t\t\t\t\t<\/div>\n\t\t\t\t<\/div>\n\t\t\t\t<\/div>\n\t\t\t\t\t<\/div>\n\t\t\t\t<\/div>\n\t\t\t\t<\/div>","protected":false},"excerpt":{"rendered":"<p>Progettazione Esperienza, competenza e affidabilit\u00e0 al servizio della tenuta Chi siamo Fondata da un professionista con oltre quarant\u2019anni di esperienza nel campo dell\u2019impermeabilizzazione, Proroof rappresenta oggi un punto di riferimento per la progettazione e il controllo dei sistemi impermeabili, in ogni contesto tecnico e costruttivo. Cosa facciamo Servizi offerti: Progettazione di sistemi impermeabili su misura [&hellip;]<\/p>\n","protected":false},"author":1,"featured_media":0,"parent":0,"menu_order":0,"comment_status":"closed","ping_status":"closed","template":"","meta":{"footnotes":""},"class_list":["post-644","page","type-page","status-publish","hentry"],"_links":{"self":[{"href":"https:\/\/www.proroofsrl.com\/de\/wp-json\/wp\/v2\/pages\/644","targetHints":{"allow":["GET"]}}],"collection":[{"href":"https:\/\/www.proroofsrl.com\/de\/wp-json\/wp\/v2\/pages"}],"about":[{"href":"https:\/\/www.proroofsrl.com\/de\/wp-json\/wp\/v2\/types\/page"}],"author":[{"embeddable":true,"href":"https:\/\/www.proroofsrl.com\/de\/wp-json\/wp\/v2\/users\/1"}],"replies":[{"embeddable":true,"href":"https:\/\/www.proroofsrl.com\/de\/wp-json\/wp\/v2\/comments?post=644"}],"version-history":[{"count":13,"href":"https:\/\/www.proroofsrl.com\/de\/wp-json\/wp\/v2\/pages\/644\/revisions"}],"predecessor-version":[{"id":787,"href":"https:\/\/www.proroofsrl.com\/de\/wp-json\/wp\/v2\/pages\/644\/revisions\/787"}],"wp:attachment":[{"href":"https:\/\/www.proroofsrl.com\/de\/wp-json\/wp\/v2\/media?parent=644"}],"curies":[{"name":"wp","href":"https:\/\/api.w.org\/{rel}","templated":true}]}}