{"id":625,"date":"2025-02-09T11:11:16","date_gmt":"2025-02-09T10:11:16","guid":{"rendered":"https:\/\/www.proroofsrl.com\/?page_id=625"},"modified":"2025-07-20T15:20:56","modified_gmt":"2025-07-20T13:20:56","slug":"eds-electronic-dec-scanner-thermohygrometrische-prufung","status":"publish","type":"page","link":"https:\/\/www.proroofsrl.com\/de\/eds-electronic-dec-scanner-verifiche-termoigrometriche\/","title":{"rendered":"EDS (Electronic Dec Scanner) THERMOIGROMETRISCHE TESTS"},"content":{"rendered":"<div data-elementor-type=\"wp-page\" data-elementor-id=\"625\" class=\"elementor elementor-625\" data-elementor-post-type=\"page\">\n\t\t\t\t<div class=\"elementor-element elementor-element-undefined-946b46b e-flex e-con-boxed e-con e-parent\" data-id=\"undefined-946b46b\" data-element_type=\"container\" data-e-type=\"container\" data-settings=\"{&quot;shape_divider_top&quot;:&quot;opacity-tilt&quot;}\">\n\t\t\t\t\t<div class=\"e-con-inner\">\n\t\t\t\t<div class=\"elementor-shape elementor-shape-top\" aria-hidden=\"true\" data-negative=\"false\">\n\t\t\t<svg xmlns=\"http:\/\/www.w3.org\/2000\/svg\" viewbox=\"0 0 2600 131.1\" preserveaspectratio=\"none\">\n\t<path class=\"elementor-shape-fill\" d=\"M0 0L2600 0 2600 69.1 0 0z\"\/>\n\t<path class=\"elementor-shape-fill\" style=\"opacity:0.5\" d=\"M0 0L2600 0 2600 69.1 0 69.1z\"\/>\n\t<path class=\"elementor-shape-fill\" style=\"opacity:0.25\" d=\"M2600 0L0 0 0 130.1 2600 69.1z\"\/>\n<\/svg>\t\t<\/div>\n\t\t<div class=\"elementor-element elementor-element-undefined-2ab98cf e-con-full e-flex e-con e-child\" data-id=\"undefined-2ab98cf\" data-element_type=\"container\" data-e-type=\"container\">\n\t\t\t\t<div class=\"elementor-element elementor-element-undefined-7347973 elementor-widget elementor-widget-heading\" data-id=\"undefined-7347973\" data-element_type=\"widget\" data-e-type=\"widget\" data-widget_type=\"heading.default\">\n\t\t\t\t<div class=\"elementor-widget-container\">\n\t\t\t\t\t<h2 class=\"elementor-heading-title elementor-size-default\">EDS (Electronic Dec Scanner) THERMOIGROMETRISCHE TESTS<\/h2>\t\t\t\t<\/div>\n\t\t\t\t<\/div>\n\t\t\t\t<\/div>\n\t\t<div class=\"elementor-element elementor-element-0091b69 e-con-full e-flex e-con e-child\" data-id=\"0091b69\" data-element_type=\"container\" data-e-type=\"container\">\n\t\t<div class=\"elementor-element elementor-element-09ae0a7 e-grid e-con-full e-con e-child\" data-id=\"09ae0a7\" data-element_type=\"container\" data-e-type=\"container\">\n\t\t\t\t<div class=\"elementor-element elementor-element-90d5b01 elementor-widget elementor-widget-image\" data-id=\"90d5b01\" data-element_type=\"widget\" data-e-type=\"widget\" data-widget_type=\"image.default\">\n\t\t\t\t<div class=\"elementor-widget-container\">\n\t\t\t\t\t\t\t\t\t\t\t\t\t\t\t<img fetchpriority=\"high\" decoding=\"async\" width=\"800\" height=\"600\" src=\"https:\/\/www.proroofsrl.com\/wp-content\/uploads\/2025\/07\/IMG_0259-1024x768.jpg\" class=\"attachment-large size-large wp-image-734\" alt=\"\" srcset=\"https:\/\/www.proroofsrl.com\/wp-content\/uploads\/2025\/07\/IMG_0259-1024x768.jpg 1024w, https:\/\/www.proroofsrl.com\/wp-content\/uploads\/2025\/07\/IMG_0259-300x225.jpg 300w, https:\/\/www.proroofsrl.com\/wp-content\/uploads\/2025\/07\/IMG_0259-768x576.jpg 768w, https:\/\/www.proroofsrl.com\/wp-content\/uploads\/2025\/07\/IMG_0259-1536x1152.jpg 1536w, https:\/\/www.proroofsrl.com\/wp-content\/uploads\/2025\/07\/IMG_0259-2048x1536.jpg 2048w, https:\/\/www.proroofsrl.com\/wp-content\/uploads\/2025\/07\/IMG_0259-16x12.jpg 16w\" sizes=\"(max-width: 800px) 100vw, 800px\" \/>\t\t\t\t\t\t\t\t\t\t\t\t\t\t\t<\/div>\n\t\t\t\t<\/div>\n\t\t\t\t<div class=\"elementor-element elementor-element-6e5cf7b elementor-widget elementor-widget-image\" data-id=\"6e5cf7b\" data-element_type=\"widget\" data-e-type=\"widget\" data-widget_type=\"image.default\">\n\t\t\t\t<div class=\"elementor-widget-container\">\n\t\t\t\t\t\t\t\t\t\t\t\t\t\t\t<img decoding=\"async\" width=\"800\" height=\"600\" src=\"https:\/\/www.proroofsrl.com\/wp-content\/uploads\/2025\/07\/IMG_57732-1024x768.jpg\" class=\"attachment-large size-large wp-image-748\" alt=\"\" srcset=\"https:\/\/www.proroofsrl.com\/wp-content\/uploads\/2025\/07\/IMG_57732-1024x768.jpg 1024w, https:\/\/www.proroofsrl.com\/wp-content\/uploads\/2025\/07\/IMG_57732-300x225.jpg 300w, https:\/\/www.proroofsrl.com\/wp-content\/uploads\/2025\/07\/IMG_57732-768x576.jpg 768w, https:\/\/www.proroofsrl.com\/wp-content\/uploads\/2025\/07\/IMG_57732-1536x1152.jpg 1536w, https:\/\/www.proroofsrl.com\/wp-content\/uploads\/2025\/07\/IMG_57732-2048x1536.jpg 2048w, https:\/\/www.proroofsrl.com\/wp-content\/uploads\/2025\/07\/IMG_57732-16x12.jpg 16w\" sizes=\"(max-width: 800px) 100vw, 800px\" \/>\t\t\t\t\t\t\t\t\t\t\t\t\t\t\t<\/div>\n\t\t\t\t<\/div>\n\t\t\t\t<\/div>\n\t\t\t\t<div class=\"elementor-element elementor-element-9da6010 elementor-widget elementor-widget-text-editor\" data-id=\"9da6010\" data-element_type=\"widget\" data-e-type=\"widget\" data-widget_type=\"text-editor.default\">\n\t\t\t\t<div class=\"elementor-widget-container\">\n\t\t\t\t\t\t\t\t\t<p>Der Dec Scanner ist ein zerst\u00f6rungsfreier Impedanz-Feuchtigkeitsdetektor (Scanner), der f\u00fcr die Erkennung und Bewertung von Feuchtigkeitsbedingungen in Dach- und Abdichtungssystemen entwickelt wurde. Der Dec Scanner verf\u00fcgt \u00fcber 3 Empfindlichkeitsbereiche, um die Inspektion einer Vielzahl von Dachtypen und -tiefen zu erm\u00f6glichen, und ist in der Lage, Feuchtigkeit in den meisten Dach- und Abdichtungssystemen zu erkennen.<\/p><p>Der Dec Scanner ist ein batteriebetriebenes elektronisches Ger\u00e4t, das ein elektronisches Niederfrequenzsignal erzeugt. Dieses Signal wird \u00fcber eine der beiden eingebauten Elektroden, die sich an der Unterseite des Ger\u00e4ts befinden, in das zu untersuchende Material \u00fcbertragen. Die andere Elektrode empf\u00e4ngt das gesendete Signal aus dem untersuchten Material. Die St\u00e4rke dieses Signals variiert im Verh\u00e4ltnis zum Feuchtigkeitsgehalt des Materials. Der Dec Scanner ermittelt die St\u00e4rke des Stroms und wandelt sie in einen vergleichbaren Feuchtigkeitswert um. Indem der Dec Scanner in regelm\u00e4\u00dfigen Bewegungen \u00fcber die zu untersuchende Oberfl\u00e4che bewegt wird, erh\u00e4lt man einen kontinuierlichen Messwert und kann jeden Bereich, der Feuchtigkeit enth\u00e4lt, leicht identifizieren.\u00a0<\/p><p>Mit diesem System k\u00f6nnen Untersuchungen auch bei sehr gro\u00dfen Dicken (250 mm) durchgef\u00fchrt werden.<\/p>\t\t\t\t\t\t\t\t<\/div>\n\t\t\t\t<\/div>\n\t\t\t\t<\/div>\n\t\t\t\t\t<\/div>\n\t\t\t\t<\/div>\n\t\t\t\t<\/div>","protected":false},"excerpt":{"rendered":"<p>EDS (Electronic Dec Scanner) VERIFICHE TERMOIGROMETRICHE Il Dec Scanner \u00e8 un rilevatore (scanner) di umidit\u00e0 non distruttivo di impedenza, realizzato per rilevare e valutare le condizioni di umidit\u00e0 nei sistemi di copertura e di impermeabilizzazione. Il Dec Scanner ha 3 serie (Range) di sensibilit\u00e0 per consentire l\u2019ispezione di una variet\u00e0 di tipologie di tetti e [&hellip;]<\/p>\n","protected":false},"author":1,"featured_media":0,"parent":0,"menu_order":0,"comment_status":"closed","ping_status":"closed","template":"","meta":{"footnotes":""},"class_list":["post-625","page","type-page","status-publish","hentry"],"_links":{"self":[{"href":"https:\/\/www.proroofsrl.com\/de\/wp-json\/wp\/v2\/pages\/625","targetHints":{"allow":["GET"]}}],"collection":[{"href":"https:\/\/www.proroofsrl.com\/de\/wp-json\/wp\/v2\/pages"}],"about":[{"href":"https:\/\/www.proroofsrl.com\/de\/wp-json\/wp\/v2\/types\/page"}],"author":[{"embeddable":true,"href":"https:\/\/www.proroofsrl.com\/de\/wp-json\/wp\/v2\/users\/1"}],"replies":[{"embeddable":true,"href":"https:\/\/www.proroofsrl.com\/de\/wp-json\/wp\/v2\/comments?post=625"}],"version-history":[{"count":7,"href":"https:\/\/www.proroofsrl.com\/de\/wp-json\/wp\/v2\/pages\/625\/revisions"}],"predecessor-version":[{"id":751,"href":"https:\/\/www.proroofsrl.com\/de\/wp-json\/wp\/v2\/pages\/625\/revisions\/751"}],"wp:attachment":[{"href":"https:\/\/www.proroofsrl.com\/de\/wp-json\/wp\/v2\/media?parent=625"}],"curies":[{"name":"wp","href":"https:\/\/api.w.org\/{rel}","templated":true}]}}