{"id":623,"date":"2025-02-09T11:10:55","date_gmt":"2025-02-09T10:10:55","guid":{"rendered":"https:\/\/www.proroofsrl.com\/?page_id=623"},"modified":"2025-07-20T15:16:49","modified_gmt":"2025-07-20T13:16:49","slug":"irdische-infrarot-detektion-thermografie","status":"publish","type":"page","link":"https:\/\/www.proroofsrl.com\/de\/ird-infrared-detection-termografia\/","title":{"rendered":"IRD (Infrarot-Detektion) THERMOGRAPHIE"},"content":{"rendered":"<div data-elementor-type=\"wp-page\" data-elementor-id=\"623\" class=\"elementor elementor-623\" data-elementor-post-type=\"page\">\n\t\t\t\t<div class=\"elementor-element elementor-element-undefined-946b46b e-flex e-con-boxed e-con e-parent\" data-id=\"undefined-946b46b\" data-element_type=\"container\" data-e-type=\"container\" data-settings=\"{&quot;shape_divider_top&quot;:&quot;opacity-tilt&quot;}\">\n\t\t\t\t\t<div class=\"e-con-inner\">\n\t\t\t\t<div class=\"elementor-shape elementor-shape-top\" aria-hidden=\"true\" data-negative=\"false\">\n\t\t\t<svg xmlns=\"http:\/\/www.w3.org\/2000\/svg\" viewbox=\"0 0 2600 131.1\" preserveaspectratio=\"none\">\n\t<path class=\"elementor-shape-fill\" d=\"M0 0L2600 0 2600 69.1 0 0z\"\/>\n\t<path class=\"elementor-shape-fill\" style=\"opacity:0.5\" d=\"M0 0L2600 0 2600 69.1 0 69.1z\"\/>\n\t<path class=\"elementor-shape-fill\" style=\"opacity:0.25\" d=\"M2600 0L0 0 0 130.1 2600 69.1z\"\/>\n<\/svg>\t\t<\/div>\n\t\t<div class=\"elementor-element elementor-element-undefined-2ab98cf e-con-full e-flex e-con e-child\" data-id=\"undefined-2ab98cf\" data-element_type=\"container\" data-e-type=\"container\">\n\t\t\t\t<div class=\"elementor-element elementor-element-undefined-7347973 elementor-widget elementor-widget-heading\" data-id=\"undefined-7347973\" data-element_type=\"widget\" data-e-type=\"widget\" data-widget_type=\"heading.default\">\n\t\t\t\t<div class=\"elementor-widget-container\">\n\t\t\t\t\t<h2 class=\"elementor-heading-title elementor-size-default\">IRD (Infrarot-Detektion) THERMOGRAPHIE<\/h2>\t\t\t\t<\/div>\n\t\t\t\t<\/div>\n\t\t\t\t<\/div>\n\t\t<div class=\"elementor-element elementor-element-0091b69 e-con-full e-flex e-con e-child\" data-id=\"0091b69\" data-element_type=\"container\" data-e-type=\"container\">\n\t\t<div class=\"elementor-element elementor-element-958af47 e-grid e-con-full e-con e-child\" data-id=\"958af47\" data-element_type=\"container\" data-e-type=\"container\">\n\t\t\t\t<div class=\"elementor-element elementor-element-79b956a elementor-widget elementor-widget-image\" data-id=\"79b956a\" data-element_type=\"widget\" data-e-type=\"widget\" data-widget_type=\"image.default\">\n\t\t\t\t<div class=\"elementor-widget-container\">\n\t\t\t\t\t\t\t\t\t\t\t\t\t\t\t<img fetchpriority=\"high\" decoding=\"async\" width=\"320\" height=\"240\" src=\"https:\/\/www.proroofsrl.com\/wp-content\/uploads\/2025\/07\/IR_2532.jpg\" class=\"attachment-large size-large wp-image-732\" alt=\"\" srcset=\"https:\/\/www.proroofsrl.com\/wp-content\/uploads\/2025\/07\/IR_2532.jpg 320w, https:\/\/www.proroofsrl.com\/wp-content\/uploads\/2025\/07\/IR_2532-300x225.jpg 300w, https:\/\/www.proroofsrl.com\/wp-content\/uploads\/2025\/07\/IR_2532-16x12.jpg 16w\" sizes=\"(max-width: 320px) 100vw, 320px\" \/>\t\t\t\t\t\t\t\t\t\t\t\t\t\t\t<\/div>\n\t\t\t\t<\/div>\n\t\t\t\t<div class=\"elementor-element elementor-element-97094be elementor-widget elementor-widget-image\" data-id=\"97094be\" data-element_type=\"widget\" data-e-type=\"widget\" data-widget_type=\"image.default\">\n\t\t\t\t<div class=\"elementor-widget-container\">\n\t\t\t\t\t\t\t\t\t\t\t\t\t\t\t<img decoding=\"async\" width=\"320\" height=\"240\" src=\"https:\/\/www.proroofsrl.com\/wp-content\/uploads\/2025\/07\/IR_2549.jpg\" class=\"attachment-large size-large wp-image-733\" alt=\"\" srcset=\"https:\/\/www.proroofsrl.com\/wp-content\/uploads\/2025\/07\/IR_2549.jpg 320w, https:\/\/www.proroofsrl.com\/wp-content\/uploads\/2025\/07\/IR_2549-300x225.jpg 300w, https:\/\/www.proroofsrl.com\/wp-content\/uploads\/2025\/07\/IR_2549-16x12.jpg 16w\" sizes=\"(max-width: 320px) 100vw, 320px\" \/>\t\t\t\t\t\t\t\t\t\t\t\t\t\t\t<\/div>\n\t\t\t\t<\/div>\n\t\t\t\t<\/div>\n\t\t\t\t<div class=\"elementor-element elementor-element-9da6010 elementor-widget elementor-widget-text-editor\" data-id=\"9da6010\" data-element_type=\"widget\" data-e-type=\"widget\" data-widget_type=\"text-editor.default\">\n\t\t\t\t<div class=\"elementor-widget-container\">\n\t\t\t\t\t\t\t\t\t<p>Dank des Einsatzes der Infrarottechnologie ist Proroof Srl in der Lage, zerst\u00f6rungsfreie Untersuchungen durchzuf\u00fchren, um das Vorhandensein von Feuchtigkeit, W\u00e4rmebr\u00fccken, W\u00e4rmedispersion usw. festzustellen. Bei diesem System wird eine Flir IR-Kamera verwendet, die ein W\u00e4rmebild des Daches erzeugt.<\/p><p>Anhand der vom Dach abgestrahlten Infrarotstrahlung im Spektralbereich von ca. 2 bis ca. 14 Mikrometern werden Bereiche des Daches identifiziert, die eine anomale Strahlung aufweisen, d. h. Bereiche, die m\u00f6glicherweise mit Feuchtigkeit belastet sind.<\/p>\t\t\t\t\t\t\t\t<\/div>\n\t\t\t\t<\/div>\n\t\t\t\t<\/div>\n\t\t\t\t\t<\/div>\n\t\t\t\t<\/div>\n\t\t\t\t<\/div>","protected":false},"excerpt":{"rendered":"<p>IRD (Infrared Detection) TERMOGRAFIA Grazie all\u2019impiego di tecnologia ad infrarossi la Proroof Srl \u00e8 in grado di effettuare delle indagini non distruttive rivolte ad individuare la presenza di umidit\u00e0, ponti termici, dispersioni termiche etc. Questo sistema prevede l\u2019impiego di una termocamera IR Flir, la quale genera l&#8217;immagine termica della copertura. Dalle radiazioni infrarosse emesse dalla [&hellip;]<\/p>\n","protected":false},"author":1,"featured_media":0,"parent":0,"menu_order":0,"comment_status":"closed","ping_status":"closed","template":"","meta":{"footnotes":""},"class_list":["post-623","page","type-page","status-publish","hentry"],"_links":{"self":[{"href":"https:\/\/www.proroofsrl.com\/de\/wp-json\/wp\/v2\/pages\/623","targetHints":{"allow":["GET"]}}],"collection":[{"href":"https:\/\/www.proroofsrl.com\/de\/wp-json\/wp\/v2\/pages"}],"about":[{"href":"https:\/\/www.proroofsrl.com\/de\/wp-json\/wp\/v2\/types\/page"}],"author":[{"embeddable":true,"href":"https:\/\/www.proroofsrl.com\/de\/wp-json\/wp\/v2\/users\/1"}],"replies":[{"embeddable":true,"href":"https:\/\/www.proroofsrl.com\/de\/wp-json\/wp\/v2\/comments?post=623"}],"version-history":[{"count":7,"href":"https:\/\/www.proroofsrl.com\/de\/wp-json\/wp\/v2\/pages\/623\/revisions"}],"predecessor-version":[{"id":746,"href":"https:\/\/www.proroofsrl.com\/de\/wp-json\/wp\/v2\/pages\/623\/revisions\/746"}],"wp:attachment":[{"href":"https:\/\/www.proroofsrl.com\/de\/wp-json\/wp\/v2\/media?parent=623"}],"curies":[{"name":"wp","href":"https:\/\/api.w.org\/{rel}","templated":true}]}}