{"id":621,"date":"2025-02-09T11:10:35","date_gmt":"2025-02-09T10:10:35","guid":{"rendered":"https:\/\/www.proroofsrl.com\/?page_id=621"},"modified":"2025-07-20T15:14:32","modified_gmt":"2025-07-20T13:14:32","slug":"seltene-elektronische-lecksuche","status":"publish","type":"page","link":"https:\/\/www.proroofsrl.com\/de\/eld-electronic-leak-detection\/","title":{"rendered":"ELD (Elektronische Lecksuche)"},"content":{"rendered":"<div data-elementor-type=\"wp-page\" data-elementor-id=\"621\" class=\"elementor elementor-621\" data-elementor-post-type=\"page\">\n\t\t\t\t<div class=\"elementor-element elementor-element-undefined-946b46b e-flex e-con-boxed e-con e-parent\" data-id=\"undefined-946b46b\" data-element_type=\"container\" data-e-type=\"container\" data-settings=\"{&quot;shape_divider_top&quot;:&quot;opacity-tilt&quot;}\">\n\t\t\t\t\t<div class=\"e-con-inner\">\n\t\t\t\t<div class=\"elementor-shape elementor-shape-top\" aria-hidden=\"true\" data-negative=\"false\">\n\t\t\t<svg xmlns=\"http:\/\/www.w3.org\/2000\/svg\" viewbox=\"0 0 2600 131.1\" preserveaspectratio=\"none\">\n\t<path class=\"elementor-shape-fill\" d=\"M0 0L2600 0 2600 69.1 0 0z\"\/>\n\t<path class=\"elementor-shape-fill\" style=\"opacity:0.5\" d=\"M0 0L2600 0 2600 69.1 0 69.1z\"\/>\n\t<path class=\"elementor-shape-fill\" style=\"opacity:0.25\" d=\"M2600 0L0 0 0 130.1 2600 69.1z\"\/>\n<\/svg>\t\t<\/div>\n\t\t<div class=\"elementor-element elementor-element-undefined-2ab98cf e-con-full e-flex e-con e-child\" data-id=\"undefined-2ab98cf\" data-element_type=\"container\" data-e-type=\"container\">\n\t\t\t\t<div class=\"elementor-element elementor-element-undefined-7347973 elementor-widget elementor-widget-heading\" data-id=\"undefined-7347973\" data-element_type=\"widget\" data-e-type=\"widget\" data-widget_type=\"heading.default\">\n\t\t\t\t<div class=\"elementor-widget-container\">\n\t\t\t\t\t<h2 class=\"elementor-heading-title elementor-size-default\">ELD (Elektronische Lecksuche)<\/h2>\t\t\t\t<\/div>\n\t\t\t\t<\/div>\n\t\t\t\t<\/div>\n\t\t<div class=\"elementor-element elementor-element-0091b69 e-con-full e-flex e-con e-child\" data-id=\"0091b69\" data-element_type=\"container\" data-e-type=\"container\">\n\t\t<div class=\"elementor-element elementor-element-72364dd e-grid e-con-full e-con e-child\" data-id=\"72364dd\" data-element_type=\"container\" data-e-type=\"container\">\n\t\t\t\t<div class=\"elementor-element elementor-element-b64967d elementor-widget elementor-widget-image\" data-id=\"b64967d\" data-element_type=\"widget\" data-e-type=\"widget\" data-widget_type=\"image.default\">\n\t\t\t\t<div class=\"elementor-widget-container\">\n\t\t\t\t\t\t\t\t\t\t\t\t\t\t\t<img fetchpriority=\"high\" decoding=\"async\" width=\"768\" height=\"1024\" src=\"https:\/\/www.proroofsrl.com\/wp-content\/uploads\/2025\/07\/35B5E244-E52C-4E85-9BD1-C3F0F785A8F7_1_105_c.jpeg\" class=\"attachment-large size-large wp-image-730\" alt=\"\" srcset=\"https:\/\/www.proroofsrl.com\/wp-content\/uploads\/2025\/07\/35B5E244-E52C-4E85-9BD1-C3F0F785A8F7_1_105_c.jpeg 768w, https:\/\/www.proroofsrl.com\/wp-content\/uploads\/2025\/07\/35B5E244-E52C-4E85-9BD1-C3F0F785A8F7_1_105_c-225x300.jpeg 225w, https:\/\/www.proroofsrl.com\/wp-content\/uploads\/2025\/07\/35B5E244-E52C-4E85-9BD1-C3F0F785A8F7_1_105_c-9x12.jpeg 9w\" sizes=\"(max-width: 768px) 100vw, 768px\" \/>\t\t\t\t\t\t\t\t\t\t\t\t\t\t\t<\/div>\n\t\t\t\t<\/div>\n\t\t\t\t<div class=\"elementor-element elementor-element-085de4c elementor-widget elementor-widget-image\" data-id=\"085de4c\" data-element_type=\"widget\" data-e-type=\"widget\" data-widget_type=\"image.default\">\n\t\t\t\t<div class=\"elementor-widget-container\">\n\t\t\t\t\t\t\t\t\t\t\t\t\t\t\t<img decoding=\"async\" width=\"768\" height=\"1024\" src=\"https:\/\/www.proroofsrl.com\/wp-content\/uploads\/2025\/07\/E2EEB530-C87C-486B-8D10-305CF55FA500_1_102_o-768x1024.jpeg\" class=\"attachment-large size-large wp-image-731\" alt=\"\" srcset=\"https:\/\/www.proroofsrl.com\/wp-content\/uploads\/2025\/07\/E2EEB530-C87C-486B-8D10-305CF55FA500_1_102_o-768x1024.jpeg 768w, https:\/\/www.proroofsrl.com\/wp-content\/uploads\/2025\/07\/E2EEB530-C87C-486B-8D10-305CF55FA500_1_102_o-225x300.jpeg 225w, https:\/\/www.proroofsrl.com\/wp-content\/uploads\/2025\/07\/E2EEB530-C87C-486B-8D10-305CF55FA500_1_102_o-1152x1536.jpeg 1152w, https:\/\/www.proroofsrl.com\/wp-content\/uploads\/2025\/07\/E2EEB530-C87C-486B-8D10-305CF55FA500_1_102_o-9x12.jpeg 9w, https:\/\/www.proroofsrl.com\/wp-content\/uploads\/2025\/07\/E2EEB530-C87C-486B-8D10-305CF55FA500_1_102_o.jpeg 1536w\" sizes=\"(max-width: 768px) 100vw, 768px\" \/>\t\t\t\t\t\t\t\t\t\t\t\t\t\t\t<\/div>\n\t\t\t\t<\/div>\n\t\t\t\t<\/div>\n\t\t\t\t<div class=\"elementor-element elementor-element-9da6010 elementor-widget elementor-widget-text-editor\" data-id=\"9da6010\" data-element_type=\"widget\" data-e-type=\"widget\" data-widget_type=\"text-editor.default\">\n\t\t\t\t<div class=\"elementor-widget-container\">\n\t\t\t\t\t\t\t\t\t<p>Je nach Beschaffenheit der zu untersuchenden Oberfl\u00e4che kann bei diesem System zwischen nass und trocken unterschieden werden.<br \/><br \/><\/p><p><strong>Trocken<\/strong><\/p><p>Im Falle einer trockenen und\/oder halbtrockenen Abdichtungsbahn wird die Pr\u00fcfung mit Hilfe der Hochspannungstechnik durchgef\u00fchrt, die besser als Trockenverfahren bezeichnet wird.<\/p><p>Dieses System erm\u00f6glicht es, nichtleitende Abdichtungsbahnen mit Hochspannungstechnik zu pr\u00fcfen und zu testen, indem es die dielektrische Struktur der Beschichtung ausnutzt.<\/p><p>Der Verlust der dielektrischen Kapazit\u00e4t der Beschichtung aufgrund ihrer Ver\u00e4nderung erm\u00f6glicht es dem ELD, L\u00f6cher, Sch\u00e4den und Vulkanisationsunterbrechungen zu erkennen.<\/p><p>Bei der Trockenmethode wird ein hochmodernes, mikroprozessorgesteuertes Messger\u00e4t verwendet, das eine stabilisierte Gleichspannung liefert, die je nach Dicke der Beschichtung eingestellt werden kann.<\/p><p>Ein Niederspannungswendelkabel verbindet die Detektionseinheit mit der Pr\u00fcfsonde.<\/p><p>Die Pr\u00fcfspannung wird kommen:<\/p><ul><li>oder automatisch vom Ger\u00e4t berechnet, indem die Dicke der Beschichtung unter Bezugnahme auf voreingestellte BS EN-50356-Kriterien eingestellt wird (sofern die Datenbl\u00e4tter des Herstellers verf\u00fcgbar sind);<\/li><li>o berechnet mit einer Probe der im Geb\u00e4ude vorhandenen Dachabdeckung gem\u00e4\u00df den Kriterien der BS EN 60052:2002.<\/li><\/ul><p>Bei der Pr\u00fcfung wird das Bauwerk \u00fcber ein direkt an den Detektor angeschlossenes Erdungskabel mit dem Minuspol verbunden und die gesamte Oberfl\u00e4che mit einer Sonde, die eine Hochspannung erzeugt, auf der Suche nach Unterbrechungen in den Vulkanisationen und\/oder Besch\u00e4digungen des wasserdichten Belags durchfahren.<\/p><p>Die Erkennung einer Anomalie wird durch einen akustischen Alarm und das Aufleuchten einer roten LED auf der Vorderseite des Detektors angezeigt.<\/p><p>Bei Unterbrechungen in der Vulkanisation, L\u00f6chern oder Schnitten im Mantel wird ebenfalls ein Lichtbogen erzeugt.<\/p><p><i>\u00a0<\/i><\/p><p><strong>Nass<\/strong><\/p><p>Wenn die Abdichtungsbahn besonders nass ist, wird sie mit der \u201cNass\u201d-Methode gepr\u00fcft.<\/p><p>Bei diesem System, das auf der Niederspannungstechnik basiert, wird ein leitf\u00e4higes Kabel verwendet, das eine Schleife bildet, in der die Pr\u00fcfung durchgef\u00fchrt wird. Bei dieser Pr\u00fcfung wird ein Impulsgeber verwendet, der Niederspannungsstrom erzeugt.<\/p><p>Ein Kabel verbindet den Generator mit der Struktur, der Strom breitet sich \u00fcber zwei Sonden \u00fcber die Testoberfl\u00e4che aus und erzeugt einen Impuls.<\/p><p>Wenn es eine Anomalie im Erdmantel gibt, zeigt das Detektionsger\u00e4t dem Bediener genau an, wo sie sich befindet.<\/p>\t\t\t\t\t\t\t\t<\/div>\n\t\t\t\t<\/div>\n\t\t\t\t<\/div>\n\t\t\t\t\t<\/div>\n\t\t\t\t<\/div>\n\t\t\t\t<\/div>","protected":false},"excerpt":{"rendered":"<p>ELD (Electronic Leak Detection) Questo sistema pu\u00f2 essere distinto tra wet e dry, in base alle caratteristiche che presenta la superficie da esaminare. Dry Nel caso di manto impermeabile asciutto e\/o semi umido si proceder\u00e0 ad effettuare il collaudo mediante la tecnologia dell\u2019alta tensione, meglio definita come metodo dry. Questo sistema permette di controllare e [&hellip;]<\/p>\n","protected":false},"author":1,"featured_media":0,"parent":0,"menu_order":0,"comment_status":"closed","ping_status":"closed","template":"","meta":{"footnotes":""},"class_list":["post-621","page","type-page","status-publish","hentry"],"_links":{"self":[{"href":"https:\/\/www.proroofsrl.com\/de\/wp-json\/wp\/v2\/pages\/621","targetHints":{"allow":["GET"]}}],"collection":[{"href":"https:\/\/www.proroofsrl.com\/de\/wp-json\/wp\/v2\/pages"}],"about":[{"href":"https:\/\/www.proroofsrl.com\/de\/wp-json\/wp\/v2\/types\/page"}],"author":[{"embeddable":true,"href":"https:\/\/www.proroofsrl.com\/de\/wp-json\/wp\/v2\/users\/1"}],"replies":[{"embeddable":true,"href":"https:\/\/www.proroofsrl.com\/de\/wp-json\/wp\/v2\/comments?post=621"}],"version-history":[{"count":7,"href":"https:\/\/www.proroofsrl.com\/de\/wp-json\/wp\/v2\/pages\/621\/revisions"}],"predecessor-version":[{"id":743,"href":"https:\/\/www.proroofsrl.com\/de\/wp-json\/wp\/v2\/pages\/621\/revisions\/743"}],"wp:attachment":[{"href":"https:\/\/www.proroofsrl.com\/de\/wp-json\/wp\/v2\/media?parent=621"}],"curies":[{"name":"wp","href":"https:\/\/api.w.org\/{rel}","templated":true}]}}