{"id":446,"date":"2024-11-17T11:39:04","date_gmt":"2024-11-17T10:39:04","guid":{"rendered":"https:\/\/www.proroofsrl.com\/?page_id=446"},"modified":"2024-11-17T11:54:11","modified_gmt":"2024-11-17T10:54:11","slug":"fastenergrip-lv","status":"publish","type":"page","link":"https:\/\/www.proroofsrl.com\/de\/fastenergrip-lv\/","title":{"rendered":"FastEnerGrip LV"},"content":{"rendered":"<div data-elementor-type=\"wp-page\" data-elementor-id=\"446\" class=\"elementor elementor-446\" data-elementor-post-type=\"page\">\n\t\t\t\t<div class=\"elementor-element elementor-element-undefined-946b46b e-flex e-con-boxed e-con e-parent\" data-id=\"undefined-946b46b\" data-element_type=\"container\" data-e-type=\"container\" data-settings=\"{&quot;shape_divider_top&quot;:&quot;opacity-tilt&quot;}\">\n\t\t\t\t\t<div class=\"e-con-inner\">\n\t\t\t\t<div class=\"elementor-shape elementor-shape-top\" aria-hidden=\"true\" data-negative=\"false\">\n\t\t\t<svg xmlns=\"http:\/\/www.w3.org\/2000\/svg\" viewbox=\"0 0 2600 131.1\" preserveaspectratio=\"none\">\n\t<path class=\"elementor-shape-fill\" d=\"M0 0L2600 0 2600 69.1 0 0z\"\/>\n\t<path class=\"elementor-shape-fill\" style=\"opacity:0.5\" d=\"M0 0L2600 0 2600 69.1 0 69.1z\"\/>\n\t<path class=\"elementor-shape-fill\" style=\"opacity:0.25\" d=\"M2600 0L0 0 0 130.1 2600 69.1z\"\/>\n<\/svg>\t\t<\/div>\n\t\t\t\t\t<\/div>\n\t\t\t\t<\/div>\n\t\t<div class=\"elementor-element elementor-element-4bdd2c62 e-con-full e-flex e-con e-parent\" data-id=\"4bdd2c62\" data-element_type=\"container\" data-e-type=\"container\" data-settings=\"{&quot;background_background&quot;:&quot;classic&quot;}\">\n\t\t\t\t<div class=\"elementor-element elementor-element-61602f5 elementor-widget elementor-widget-gallery\" data-id=\"61602f5\" data-element_type=\"widget\" data-e-type=\"widget\" data-settings=\"{&quot;columns&quot;:1,&quot;gallery_layout&quot;:&quot;masonry&quot;,&quot;gap&quot;:{&quot;unit&quot;:&quot;px&quot;,&quot;size&quot;:0,&quot;sizes&quot;:[]},&quot;lazyload&quot;:&quot;yes&quot;,&quot;columns_tablet&quot;:2,&quot;columns_mobile&quot;:1,&quot;gap_tablet&quot;:{&quot;unit&quot;:&quot;px&quot;,&quot;size&quot;:10,&quot;sizes&quot;:[]},&quot;gap_mobile&quot;:{&quot;unit&quot;:&quot;px&quot;,&quot;size&quot;:10,&quot;sizes&quot;:[]},&quot;link_to&quot;:&quot;file&quot;}\" data-widget_type=\"gallery.default\">\n\t\t\t\t<div class=\"elementor-widget-container\">\n\t\t\t\t\t\t\t<div class=\"elementor-gallery__container\">\n\t\t\t\t\t\t\t<a class=\"e-gallery-item elementor-gallery-item\" href=\"https:\/\/www.proroofsrl.com\/wp-content\/uploads\/2024\/11\/a3080bbf-4641-4768-8371-a185c6c2b524.jpg\" data-elementor-open-lightbox=\"yes\" data-elementor-lightbox-slideshow=\"61602f5\" data-elementor-lightbox-title=\"a3080bbf-4641-4768-8371-a185c6c2b524\" data-e-action-hash=\"#elementor-action%3Aaction%3Dlightbox%26settings%3DeyJpZCI6MzU3LCJ1cmwiOiJodHRwczpcL1wvd3d3LnByb3Jvb2ZzcmwuY29tXC93cC1jb250ZW50XC91cGxvYWRzXC8yMDI0XC8xMVwvYTMwODBiYmYtNDY0MS00NzY4LTgzNzEtYTE4NWM2YzJiNTI0LmpwZyIsInNsaWRlc2hvdyI6IjYxNjAyZjUifQ%3D%3D\">\n\t\t\t\t\t<div class=\"e-gallery-image elementor-gallery-item__image\" data-thumbnail=\"https:\/\/www.proroofsrl.com\/wp-content\/uploads\/2024\/11\/a3080bbf-4641-4768-8371-a185c6c2b524-768x1027.jpg\" data-width=\"768\" data-height=\"1027\" aria-label=\"\" role=\"img\" ><\/div>\n\t\t\t\t\t\t\t\t\t\t\t\t\t\t<\/a>\n\t\t\t\t\t<\/div>\n\t\t\t\t\t<\/div>\n\t\t\t\t<\/div>\n\t\t<div class=\"elementor-element elementor-element-1511e5aa e-con-full e-flex e-con e-child\" data-id=\"1511e5aa\" data-element_type=\"container\" data-e-type=\"container\">\n\t\t\t\t<div class=\"elementor-element elementor-element-4a42672f elementor-widget elementor-widget-heading\" data-id=\"4a42672f\" data-element_type=\"widget\" data-e-type=\"widget\" data-widget_type=\"heading.default\">\n\t\t\t\t<div class=\"elementor-widget-container\">\n\t\t\t\t\t<h2 class=\"elementor-heading-title elementor-size-default\">FastEnerGrip LV<\/h2>\t\t\t\t<\/div>\n\t\t\t\t<\/div>\n\t\t\t\t<div class=\"elementor-element elementor-element-23d5c1b7 elementor-widget elementor-widget-text-editor\" data-id=\"23d5c1b7\" data-element_type=\"widget\" data-e-type=\"widget\" data-widget_type=\"text-editor.default\">\n\t\t\t\t<div class=\"elementor-widget-container\">\n\t\t\t\t\t\t\t\t\t<p>Halterungen f\u00fcr die Positionierung des Rettungsleitsystems aus rostfreiem Stahl, die mit einer wasserdichten Membran vorgekoppelt sind. Das System aus rostfreiem Stahl A2 wird mit Hilfe einer Edelstahlplatte, die mit 18 7,5 mm gro\u00dfen L\u00f6chern f\u00fcr Schrauben und\/oder Nieten versehen ist, an der Dachplatte befestigt.<\/p><p>Das Sicherungssystem, bestehend aus Seilen, Festpunkten, Zwischenableitern und Winkeln, wird mittels eines M16-Edelstahlstiftes am FastEnerGrip LV-M befestigt<\/p>\t\t\t\t\t\t\t\t<\/div>\n\t\t\t\t<\/div>\n\t\t\t\t<div class=\"elementor-element elementor-element-3930fbb0 elementor-align-left elementor-tablet-align-center elementor-widget elementor-widget-button\" data-id=\"3930fbb0\" data-element_type=\"widget\" data-e-type=\"widget\" data-widget_type=\"button.default\">\n\t\t\t\t<div class=\"elementor-widget-container\">\n\t\t\t\t\t\t\t\t\t<div class=\"elementor-button-wrapper\">\n\t\t\t\t\t<a class=\"elementor-button elementor-button-link elementor-size-sm elementor-animation-grow\" href=\"https:\/\/www.proroofsrl.com\/de\/kontakte\/\">\n\t\t\t\t\t\t<span class=\"elementor-button-content-wrapper\">\n\t\t\t\t\t\t\t\t\t<span class=\"elementor-button-text\">Kontakt<\/span>\n\t\t\t\t\t<\/span>\n\t\t\t\t\t<\/a>\n\t\t\t\t<\/div>\n\t\t\t\t\t\t\t\t<\/div>\n\t\t\t\t<\/div>\n\t\t\t\t<\/div>\n\t\t\t\t<\/div>\n\t\t\t\t<\/div>","protected":false},"excerpt":{"rendered":"<p>FastEnerGrip LV Supporti per il posizionamento del sistema linea Vita Realizzato in acciaio Inox preaccoppiato a manto impermeabile. Il sistema realizzato in acciaio INOx A2 Viene fissato al solaio di copertura mediante una piastra in acciaio INOX predisposta con n 18 fori da 7,5 mm per l&#8217;inserimento di Viti e\/o rivetti. Il sistema linea vita, [&hellip;]<\/p>\n","protected":false},"author":1,"featured_media":0,"parent":0,"menu_order":0,"comment_status":"closed","ping_status":"closed","template":"","meta":{"footnotes":""},"class_list":["post-446","page","type-page","status-publish","hentry"],"_links":{"self":[{"href":"https:\/\/www.proroofsrl.com\/de\/wp-json\/wp\/v2\/pages\/446","targetHints":{"allow":["GET"]}}],"collection":[{"href":"https:\/\/www.proroofsrl.com\/de\/wp-json\/wp\/v2\/pages"}],"about":[{"href":"https:\/\/www.proroofsrl.com\/de\/wp-json\/wp\/v2\/types\/page"}],"author":[{"embeddable":true,"href":"https:\/\/www.proroofsrl.com\/de\/wp-json\/wp\/v2\/users\/1"}],"replies":[{"embeddable":true,"href":"https:\/\/www.proroofsrl.com\/de\/wp-json\/wp\/v2\/comments?post=446"}],"version-history":[{"count":7,"href":"https:\/\/www.proroofsrl.com\/de\/wp-json\/wp\/v2\/pages\/446\/revisions"}],"predecessor-version":[{"id":473,"href":"https:\/\/www.proroofsrl.com\/de\/wp-json\/wp\/v2\/pages\/446\/revisions\/473"}],"wp:attachment":[{"href":"https:\/\/www.proroofsrl.com\/de\/wp-json\/wp\/v2\/media?parent=446"}],"curies":[{"name":"wp","href":"https:\/\/api.w.org\/{rel}","templated":true}]}}